{"id":980,"date":"2023-05-08T17:09:19","date_gmt":"2023-05-08T17:09:19","guid":{"rendered":"http:\/\/booksfrommexico.com\/product\/salon-de-la-fotografia-nuevo-leon-2011\/"},"modified":"2024-04-29T22:38:01","modified_gmt":"2024-04-29T22:38:01","slug":"salon-de-la-fotografia-nuevo-leon-2011","status":"publish","type":"product","link":"https:\/\/booksfrommexico.com\/es\/producto\/salon-de-la-fotografia-nuevo-leon-2011\/","title":{"rendered":"Sal\u00f3n de la fotograf\u00eda Nuevo Le\u00f3n 2011"},"content":{"rendered":"<p><span style=\"font-weight: 400;\">Resultado de la convocatoria en su edici\u00f3n 2011 del Sal\u00f3n de Fotograf\u00eda de Nuevo Le\u00f3n, donde el trabajo de 12 autores fueron seleccionados, ofreciendo colecciones con una visi\u00f3n compleja y profunda acerca de la vida de la entidad nororiental de M\u00e9xico. Debido a las normas que se pusieron en esta convocatoria, hubo una participaci\u00f3n m\u00e1s acotada, provocando una muestra muy particular que lleva a los presentadores de esta colecci\u00f3n, a cuestionar la din\u00e1mica y existencia del mismo Sal\u00f3n de Fotograf\u00eda de Nuevo Le\u00f3n. Este proyecto, as\u00ed como sus colecciones, tambi\u00e9n dan pie a la discusi\u00f3n sobre qu\u00e9 de la fotograf\u00eda es arte y que, a diferencia de otros pa\u00edses, en M\u00e9xico a\u00fan tiene cabida.<\/span><\/p>\n<p><br style=\"font-weight: 400;\" \/><br style=\"font-weight: 400;\" \/><\/p>\n","protected":false},"excerpt":{"rendered":"<p>SAL\u00d3N DE LA FOTOGRAF\u00cdA NUEVO LE\u00d3N 2011<span style=\"font-weight: 400;\">. \/ Monterrey, Nuevo Le\u00f3n, M\u00e9xico : Gobierno del Estado de Nuevo Le\u00f3n , \u00a0Consejo para la Cultura y las Artes de Nuevo Le\u00f3n, 2011. 113 pages : includes color photos, semblances ; 23 cm. (Serie Memoria del Futuro ; Artes Visuales). ISBN : 9786077903796. <\/span><\/p>\n","protected":false},"featured_media":979,"template":"","meta":{"_acf_changed":false,"inline_featured_image":false},"product_brand":[],"product_cat":[400,165],"product_tag":[3671,4043],"class_list":{"0":"post-980","1":"product","2":"type-product","3":"status-publish","4":"has-post-thumbnail","6":"product_cat-catalogos-de-exposiciones-arte","7":"product_cat-fotografia-arte","8":"product_tag-exposiciones","9":"product_tag-fotografia","11":"first","12":"instock","13":"taxable","14":"shipping-taxable","15":"purchasable","16":"product-type-simple"},"acf":[],"yoast_head":"<!-- This site is optimized with the Yoast SEO plugin v27.3 - https:\/\/yoast.com\/product\/yoast-seo-wordpress\/ -->\n<title>Sal\u00f3n de la fotograf\u00eda Nuevo Le\u00f3n 2011<\/title>\n<meta name=\"description\" content=\"SAL\u00d3N DE LA FOTOGRAF\u00cdA NUEVO LE\u00d3N 2011. \/ Monterrey, Nuevo Le\u00f3n, M\u00e9xico : Consejo Nacional para la Cultura y las Artes. 2011.\" \/>\n<meta name=\"robots\" content=\"index, follow, max-snippet:-1, max-image-preview:large, max-video-preview:-1\" \/>\n<link rel=\"canonical\" href=\"https:\/\/booksfrommexico.com\/es\/producto\/salon-de-la-fotografia-nuevo-leon-2011\/\" \/>\n<meta property=\"og:locale\" content=\"es_ES\" \/>\n<meta property=\"og:type\" content=\"article\" \/>\n<meta property=\"og:title\" content=\"Sal\u00f3n de la fotograf\u00eda Nuevo Le\u00f3n 2011\" \/>\n<meta property=\"og:description\" content=\"SAL\u00d3N DE LA FOTOGRAF\u00cdA NUEVO LE\u00d3N 2011. \/ Monterrey, Nuevo Le\u00f3n, M\u00e9xico : Consejo Nacional para la Cultura y las Artes. 2011.\" \/>\n<meta property=\"og:url\" content=\"https:\/\/booksfrommexico.com\/es\/producto\/salon-de-la-fotografia-nuevo-leon-2011\/\" \/>\n<meta property=\"og:site_name\" content=\"Books From Mexico\" \/>\n<meta property=\"article:modified_time\" content=\"2024-04-29T22:38:01+00:00\" \/>\n<meta property=\"og:image\" content=\"http:\/\/booksfrommexico.com\/app\/uploads\/2023\/05\/164726.jpeg\" \/>\n\t<meta property=\"og:image:width\" content=\"625\" \/>\n\t<meta property=\"og:image:height\" content=\"646\" \/>\n\t<meta property=\"og:image:type\" content=\"image\/jpeg\" \/>\n<meta name=\"twitter:card\" content=\"summary_large_image\" \/>\n<meta name=\"twitter:label1\" content=\"Tiempo de lectura\" \/>\n\t<meta name=\"twitter:data1\" content=\"1 minuto\" \/>\n<script type=\"application\/ld+json\" class=\"yoast-schema-graph\">{\"@context\":\"https:\\\/\\\/schema.org\",\"@graph\":[{\"@type\":\"WebPage\",\"@id\":\"https:\\\/\\\/booksfrommexico.com\\\/es\\\/producto\\\/salon-de-la-fotografia-nuevo-leon-2011\\\/\",\"url\":\"https:\\\/\\\/booksfrommexico.com\\\/es\\\/producto\\\/salon-de-la-fotografia-nuevo-leon-2011\\\/\",\"name\":\"Sal\u00f3n de la fotograf\u00eda Nuevo Le\u00f3n 2011\",\"isPartOf\":{\"@id\":\"https:\\\/\\\/booksfrommexico.com\\\/#website\"},\"primaryImageOfPage\":{\"@id\":\"https:\\\/\\\/booksfrommexico.com\\\/es\\\/producto\\\/salon-de-la-fotografia-nuevo-leon-2011\\\/#primaryimage\"},\"image\":{\"@id\":\"https:\\\/\\\/booksfrommexico.com\\\/es\\\/producto\\\/salon-de-la-fotografia-nuevo-leon-2011\\\/#primaryimage\"},\"thumbnailUrl\":\"https:\\\/\\\/booksfrommexico.com\\\/app\\\/uploads\\\/2023\\\/05\\\/164726.jpeg\",\"datePublished\":\"2023-05-08T17:09:19+00:00\",\"dateModified\":\"2024-04-29T22:38:01+00:00\",\"description\":\"SAL\u00d3N DE LA FOTOGRAF\u00cdA NUEVO LE\u00d3N 2011. \\\/ Monterrey, Nuevo Le\u00f3n, M\u00e9xico : Consejo Nacional para la Cultura y las Artes. 2011.\",\"breadcrumb\":{\"@id\":\"https:\\\/\\\/booksfrommexico.com\\\/es\\\/producto\\\/salon-de-la-fotografia-nuevo-leon-2011\\\/#breadcrumb\"},\"inLanguage\":\"es\",\"potentialAction\":[{\"@type\":\"ReadAction\",\"target\":[\"https:\\\/\\\/booksfrommexico.com\\\/es\\\/producto\\\/salon-de-la-fotografia-nuevo-leon-2011\\\/\"]}]},{\"@type\":\"ImageObject\",\"inLanguage\":\"es\",\"@id\":\"https:\\\/\\\/booksfrommexico.com\\\/es\\\/producto\\\/salon-de-la-fotografia-nuevo-leon-2011\\\/#primaryimage\",\"url\":\"https:\\\/\\\/booksfrommexico.com\\\/app\\\/uploads\\\/2023\\\/05\\\/164726.jpeg\",\"contentUrl\":\"https:\\\/\\\/booksfrommexico.com\\\/app\\\/uploads\\\/2023\\\/05\\\/164726.jpeg\",\"width\":625,\"height\":646,\"caption\":\"Sal\u00f3n de la fotograf\u00eda Nuevo Le\u00f3n 2011. Books From M\u00e9xico\"},{\"@type\":\"BreadcrumbList\",\"@id\":\"https:\\\/\\\/booksfrommexico.com\\\/es\\\/producto\\\/salon-de-la-fotografia-nuevo-leon-2011\\\/#breadcrumb\",\"itemListElement\":[{\"@type\":\"ListItem\",\"position\":1,\"name\":\"Home\",\"item\":\"https:\\\/\\\/booksfrommexico.com\\\/es\\\/\"},{\"@type\":\"ListItem\",\"position\":2,\"name\":\"Libros\",\"item\":\"https:\\\/\\\/booksfrommexico.com\\\/es\\\/libros\\\/\"},{\"@type\":\"ListItem\",\"position\":3,\"name\":\"Sal\u00f3n de la fotograf\u00eda Nuevo Le\u00f3n 2011\"}]},{\"@type\":\"WebSite\",\"@id\":\"https:\\\/\\\/booksfrommexico.com\\\/#website\",\"url\":\"https:\\\/\\\/booksfrommexico.com\\\/\",\"name\":\"Books From Mexico\",\"description\":\"\",\"publisher\":{\"@id\":\"https:\\\/\\\/booksfrommexico.com\\\/#organization\"},\"potentialAction\":[{\"@type\":\"SearchAction\",\"target\":{\"@type\":\"EntryPoint\",\"urlTemplate\":\"https:\\\/\\\/booksfrommexico.com\\\/?s={search_term_string}\"},\"query-input\":{\"@type\":\"PropertyValueSpecification\",\"valueRequired\":true,\"valueName\":\"search_term_string\"}}],\"inLanguage\":\"es\"},{\"@type\":\"Organization\",\"@id\":\"https:\\\/\\\/booksfrommexico.com\\\/#organization\",\"name\":\"Books From Mexico\",\"url\":\"https:\\\/\\\/booksfrommexico.com\\\/\",\"logo\":{\"@type\":\"ImageObject\",\"inLanguage\":\"es\",\"@id\":\"https:\\\/\\\/booksfrommexico.com\\\/#\\\/schema\\\/logo\\\/image\\\/\",\"url\":\"https:\\\/\\\/booksfrommexico.com\\\/app\\\/uploads\\\/2023\\\/05\\\/logo-booksfrommexico.svg\",\"contentUrl\":\"https:\\\/\\\/booksfrommexico.com\\\/app\\\/uploads\\\/2023\\\/05\\\/logo-booksfrommexico.svg\",\"width\":86,\"height\":56,\"caption\":\"Books From Mexico\"},\"image\":{\"@id\":\"https:\\\/\\\/booksfrommexico.com\\\/#\\\/schema\\\/logo\\\/image\\\/\"}}]}<\/script>\n<!-- \/ Yoast SEO plugin. -->","yoast_head_json":{"title":"Sal\u00f3n de la fotograf\u00eda Nuevo Le\u00f3n 2011","description":"SAL\u00d3N DE LA FOTOGRAF\u00cdA NUEVO LE\u00d3N 2011. \/ Monterrey, Nuevo Le\u00f3n, M\u00e9xico : Consejo Nacional para la Cultura y las Artes. 2011.","robots":{"index":"index","follow":"follow","max-snippet":"max-snippet:-1","max-image-preview":"max-image-preview:large","max-video-preview":"max-video-preview:-1"},"canonical":"https:\/\/booksfrommexico.com\/es\/producto\/salon-de-la-fotografia-nuevo-leon-2011\/","og_locale":"es_ES","og_type":"article","og_title":"Sal\u00f3n de la fotograf\u00eda Nuevo Le\u00f3n 2011","og_description":"SAL\u00d3N DE LA FOTOGRAF\u00cdA NUEVO LE\u00d3N 2011. \/ Monterrey, Nuevo Le\u00f3n, M\u00e9xico : Consejo Nacional para la Cultura y las Artes. 2011.","og_url":"https:\/\/booksfrommexico.com\/es\/producto\/salon-de-la-fotografia-nuevo-leon-2011\/","og_site_name":"Books From Mexico","article_modified_time":"2024-04-29T22:38:01+00:00","og_image":[{"width":625,"height":646,"url":"http:\/\/booksfrommexico.com\/app\/uploads\/2023\/05\/164726.jpeg","type":"image\/jpeg"}],"twitter_card":"summary_large_image","twitter_misc":{"Tiempo de lectura":"1 minuto"},"schema":{"@context":"https:\/\/schema.org","@graph":[{"@type":"WebPage","@id":"https:\/\/booksfrommexico.com\/es\/producto\/salon-de-la-fotografia-nuevo-leon-2011\/","url":"https:\/\/booksfrommexico.com\/es\/producto\/salon-de-la-fotografia-nuevo-leon-2011\/","name":"Sal\u00f3n de la fotograf\u00eda Nuevo Le\u00f3n 2011","isPartOf":{"@id":"https:\/\/booksfrommexico.com\/#website"},"primaryImageOfPage":{"@id":"https:\/\/booksfrommexico.com\/es\/producto\/salon-de-la-fotografia-nuevo-leon-2011\/#primaryimage"},"image":{"@id":"https:\/\/booksfrommexico.com\/es\/producto\/salon-de-la-fotografia-nuevo-leon-2011\/#primaryimage"},"thumbnailUrl":"https:\/\/booksfrommexico.com\/app\/uploads\/2023\/05\/164726.jpeg","datePublished":"2023-05-08T17:09:19+00:00","dateModified":"2024-04-29T22:38:01+00:00","description":"SAL\u00d3N DE LA FOTOGRAF\u00cdA NUEVO LE\u00d3N 2011. \/ Monterrey, Nuevo Le\u00f3n, M\u00e9xico : Consejo Nacional para la Cultura y las Artes. 2011.","breadcrumb":{"@id":"https:\/\/booksfrommexico.com\/es\/producto\/salon-de-la-fotografia-nuevo-leon-2011\/#breadcrumb"},"inLanguage":"es","potentialAction":[{"@type":"ReadAction","target":["https:\/\/booksfrommexico.com\/es\/producto\/salon-de-la-fotografia-nuevo-leon-2011\/"]}]},{"@type":"ImageObject","inLanguage":"es","@id":"https:\/\/booksfrommexico.com\/es\/producto\/salon-de-la-fotografia-nuevo-leon-2011\/#primaryimage","url":"https:\/\/booksfrommexico.com\/app\/uploads\/2023\/05\/164726.jpeg","contentUrl":"https:\/\/booksfrommexico.com\/app\/uploads\/2023\/05\/164726.jpeg","width":625,"height":646,"caption":"Sal\u00f3n de la fotograf\u00eda Nuevo Le\u00f3n 2011. Books From M\u00e9xico"},{"@type":"BreadcrumbList","@id":"https:\/\/booksfrommexico.com\/es\/producto\/salon-de-la-fotografia-nuevo-leon-2011\/#breadcrumb","itemListElement":[{"@type":"ListItem","position":1,"name":"Home","item":"https:\/\/booksfrommexico.com\/es\/"},{"@type":"ListItem","position":2,"name":"Libros","item":"https:\/\/booksfrommexico.com\/es\/libros\/"},{"@type":"ListItem","position":3,"name":"Sal\u00f3n de la fotograf\u00eda Nuevo Le\u00f3n 2011"}]},{"@type":"WebSite","@id":"https:\/\/booksfrommexico.com\/#website","url":"https:\/\/booksfrommexico.com\/","name":"Books From Mexico","description":"","publisher":{"@id":"https:\/\/booksfrommexico.com\/#organization"},"potentialAction":[{"@type":"SearchAction","target":{"@type":"EntryPoint","urlTemplate":"https:\/\/booksfrommexico.com\/?s={search_term_string}"},"query-input":{"@type":"PropertyValueSpecification","valueRequired":true,"valueName":"search_term_string"}}],"inLanguage":"es"},{"@type":"Organization","@id":"https:\/\/booksfrommexico.com\/#organization","name":"Books From Mexico","url":"https:\/\/booksfrommexico.com\/","logo":{"@type":"ImageObject","inLanguage":"es","@id":"https:\/\/booksfrommexico.com\/#\/schema\/logo\/image\/","url":"https:\/\/booksfrommexico.com\/app\/uploads\/2023\/05\/logo-booksfrommexico.svg","contentUrl":"https:\/\/booksfrommexico.com\/app\/uploads\/2023\/05\/logo-booksfrommexico.svg","width":86,"height":56,"caption":"Books From Mexico"},"image":{"@id":"https:\/\/booksfrommexico.com\/#\/schema\/logo\/image\/"}}]}},"_links":{"self":[{"href":"https:\/\/booksfrommexico.com\/es\/wp-json\/wp\/v2\/product\/980","targetHints":{"allow":["GET"]}}],"collection":[{"href":"https:\/\/booksfrommexico.com\/es\/wp-json\/wp\/v2\/product"}],"about":[{"href":"https:\/\/booksfrommexico.com\/es\/wp-json\/wp\/v2\/types\/product"}],"wp:featuredmedia":[{"embeddable":true,"href":"https:\/\/booksfrommexico.com\/es\/wp-json\/wp\/v2\/media\/979"}],"wp:attachment":[{"href":"https:\/\/booksfrommexico.com\/es\/wp-json\/wp\/v2\/media?parent=980"}],"wp:term":[{"taxonomy":"product_brand","embeddable":true,"href":"https:\/\/booksfrommexico.com\/es\/wp-json\/wp\/v2\/product_brand?post=980"},{"taxonomy":"product_cat","embeddable":true,"href":"https:\/\/booksfrommexico.com\/es\/wp-json\/wp\/v2\/product_cat?post=980"},{"taxonomy":"product_tag","embeddable":true,"href":"https:\/\/booksfrommexico.com\/es\/wp-json\/wp\/v2\/product_tag?post=980"}],"curies":[{"name":"wp","href":"https:\/\/api.w.org\/{rel}","templated":true}]}}