{"id":984,"date":"2023-05-08T17:09:22","date_gmt":"2023-05-08T17:09:22","guid":{"rendered":"http:\/\/booksfrommexico.com\/product\/historia-militar-de-la-revolucion-constitucionalista-primera-parte-tomo-ii\/"},"modified":"2024-04-18T22:40:02","modified_gmt":"2024-04-18T22:40:02","slug":"historia-militar-de-la-revolucion-constitucionalista-primera-parte-tomo-ii","status":"publish","type":"product","link":"https:\/\/booksfrommexico.com\/es\/producto\/historia-militar-de-la-revolucion-constitucionalista-primera-parte-tomo-ii\/","title":{"rendered":"Historia militar de la revoluci\u00f3n constitucionalista. Primera parte. Tomo II"},"content":{"rendered":"<p><span style=\"font-weight: 400;\">Los sucesos ocurridos durante el siglo XX en M\u00e9xico est\u00e1n siendo analizados y reescritos por historiadores comprometidos con la verdad. Esta investigaci\u00f3n presentada por S\u00e1nchez Lamego es una aportaci\u00f3n significativa a la historiograf\u00eda ya que tuvo acceso antes que otros, a los fondos del Archivo Hist\u00f3rico Militar de la Secretar\u00eda de Defensa Nacional. Esta obra abarca cinco tomos, en este tomo II se encuentran los anexos <\/span><span style=\"font-weight: 400;\">\u2015<\/span><span style=\"font-weight: 400;\">para cotejar la informaci\u00f3n presentada en el tomo I, as\u00ed como encontrarla expuesta de manera m\u00e1s detallada<\/span><span style=\"font-weight: 400;\">\u2015<\/span><span style=\"font-weight: 400;\"> sobre el nacimiento de la revoluci\u00f3n y las primeras operaciones militares (de febrero a junio 1913). <\/span><\/p>\n","protected":false},"excerpt":{"rendered":"<p>HISTORIA MILITAR DE LA REVOLUCI\u00d3N CONSTITUCIONALISTA : PRIMERA PARTE. TOMO II<span style=\"font-weight: 400;\">. \/ Miguel A. S\u00e1nchez Lamego. M\u00e9xico, D.F. : Gobierno de M\u00e9xico, Secretar\u00eda de Educaci\u00f3n P\u00fablica , Instituto Nacional de Estudios Hist\u00f3ricos de la Revoluci\u00f3n Mexicana, 2011. 379 pages ;. 23 cm. (Colecci\u00f3n Cl\u00e1sicos de la Revoluci\u00f3n). ISBN : 9786077916369 (collection) ; 9786077916383 (volumen).\u00a0<\/span><\/p>\n","protected":false},"featured_media":983,"template":"","meta":{"_acf_changed":false,"inline_featured_image":false},"product_brand":[],"product_cat":[27,73],"product_tag":[4049,4092],"class_list":{"0":"post-984","1":"product","2":"type-product","3":"status-publish","4":"has-post-thumbnail","6":"product_cat-historia","7":"product_cat-revolucion-historia","8":"product_tag-history-mexico","9":"product_tag-revolucion-mexicana","11":"first","12":"instock","13":"taxable","14":"shipping-taxable","15":"purchasable","16":"product-type-simple"},"acf":[],"yoast_head":"<!-- This site is optimized with the Yoast SEO plugin v27.3 - https:\/\/yoast.com\/product\/yoast-seo-wordpress\/ -->\n<title>Historia militar de la revoluci\u00f3n constitucionalista. Primera parte<\/title>\n<meta name=\"description\" content=\"HISTORIA MILITAR DE LA REVOLUCI\u00d3N CONSTITUCIONALISTA : PRIMERA PARTE. TOMO II. \/ Miguel A. S\u00e1nchez Lamego. SEP , INAH de la Revoluci\u00f3n Mexicana, 2011.\" \/>\n<meta name=\"robots\" content=\"index, follow, max-snippet:-1, max-image-preview:large, max-video-preview:-1\" \/>\n<link rel=\"canonical\" href=\"https:\/\/booksfrommexico.com\/es\/producto\/historia-militar-de-la-revolucion-constitucionalista-primera-parte-tomo-ii\/\" \/>\n<meta property=\"og:locale\" content=\"es_ES\" \/>\n<meta property=\"og:type\" content=\"article\" \/>\n<meta property=\"og:title\" content=\"Historia militar de la revoluci\u00f3n constitucionalista. Primera parte\" \/>\n<meta property=\"og:description\" content=\"HISTORIA MILITAR DE LA REVOLUCI\u00d3N CONSTITUCIONALISTA : PRIMERA PARTE. TOMO II. \/ Miguel A. S\u00e1nchez Lamego. SEP , INAH de la Revoluci\u00f3n Mexicana, 2011.\" \/>\n<meta property=\"og:url\" content=\"https:\/\/booksfrommexico.com\/es\/producto\/historia-militar-de-la-revolucion-constitucionalista-primera-parte-tomo-ii\/\" \/>\n<meta property=\"og:site_name\" content=\"Books From Mexico\" \/>\n<meta property=\"article:modified_time\" content=\"2024-04-18T22:40:02+00:00\" \/>\n<meta property=\"og:image\" content=\"http:\/\/booksfrommexico.com\/app\/uploads\/2023\/05\/164513.jpeg\" \/>\n\t<meta property=\"og:image:width\" content=\"486\" \/>\n\t<meta property=\"og:image:height\" content=\"665\" \/>\n\t<meta property=\"og:image:type\" content=\"image\/jpeg\" \/>\n<meta name=\"twitter:card\" content=\"summary_large_image\" \/>\n<meta name=\"twitter:label1\" content=\"Tiempo de lectura\" \/>\n\t<meta name=\"twitter:data1\" content=\"1 minuto\" \/>\n<script type=\"application\/ld+json\" class=\"yoast-schema-graph\">{\"@context\":\"https:\\\/\\\/schema.org\",\"@graph\":[{\"@type\":\"WebPage\",\"@id\":\"https:\\\/\\\/booksfrommexico.com\\\/es\\\/producto\\\/historia-militar-de-la-revolucion-constitucionalista-primera-parte-tomo-ii\\\/\",\"url\":\"https:\\\/\\\/booksfrommexico.com\\\/es\\\/producto\\\/historia-militar-de-la-revolucion-constitucionalista-primera-parte-tomo-ii\\\/\",\"name\":\"Historia militar de la revoluci\u00f3n constitucionalista. Primera parte\",\"isPartOf\":{\"@id\":\"https:\\\/\\\/booksfrommexico.com\\\/#website\"},\"primaryImageOfPage\":{\"@id\":\"https:\\\/\\\/booksfrommexico.com\\\/es\\\/producto\\\/historia-militar-de-la-revolucion-constitucionalista-primera-parte-tomo-ii\\\/#primaryimage\"},\"image\":{\"@id\":\"https:\\\/\\\/booksfrommexico.com\\\/es\\\/producto\\\/historia-militar-de-la-revolucion-constitucionalista-primera-parte-tomo-ii\\\/#primaryimage\"},\"thumbnailUrl\":\"https:\\\/\\\/booksfrommexico.com\\\/app\\\/uploads\\\/2023\\\/05\\\/164513.jpeg\",\"datePublished\":\"2023-05-08T17:09:22+00:00\",\"dateModified\":\"2024-04-18T22:40:02+00:00\",\"description\":\"HISTORIA MILITAR DE LA REVOLUCI\u00d3N CONSTITUCIONALISTA : PRIMERA PARTE. TOMO II. \\\/ Miguel A. S\u00e1nchez Lamego. SEP , INAH de la Revoluci\u00f3n Mexicana, 2011.\",\"breadcrumb\":{\"@id\":\"https:\\\/\\\/booksfrommexico.com\\\/es\\\/producto\\\/historia-militar-de-la-revolucion-constitucionalista-primera-parte-tomo-ii\\\/#breadcrumb\"},\"inLanguage\":\"es\",\"potentialAction\":[{\"@type\":\"ReadAction\",\"target\":[\"https:\\\/\\\/booksfrommexico.com\\\/es\\\/producto\\\/historia-militar-de-la-revolucion-constitucionalista-primera-parte-tomo-ii\\\/\"]}]},{\"@type\":\"ImageObject\",\"inLanguage\":\"es\",\"@id\":\"https:\\\/\\\/booksfrommexico.com\\\/es\\\/producto\\\/historia-militar-de-la-revolucion-constitucionalista-primera-parte-tomo-ii\\\/#primaryimage\",\"url\":\"https:\\\/\\\/booksfrommexico.com\\\/app\\\/uploads\\\/2023\\\/05\\\/164513.jpeg\",\"contentUrl\":\"https:\\\/\\\/booksfrommexico.com\\\/app\\\/uploads\\\/2023\\\/05\\\/164513.jpeg\",\"width\":486,\"height\":665,\"caption\":\"Historia militar de la revoluci\u00f3n constitucionalista Primera parte. Tomo II\"},{\"@type\":\"BreadcrumbList\",\"@id\":\"https:\\\/\\\/booksfrommexico.com\\\/es\\\/producto\\\/historia-militar-de-la-revolucion-constitucionalista-primera-parte-tomo-ii\\\/#breadcrumb\",\"itemListElement\":[{\"@type\":\"ListItem\",\"position\":1,\"name\":\"Home\",\"item\":\"https:\\\/\\\/booksfrommexico.com\\\/es\\\/\"},{\"@type\":\"ListItem\",\"position\":2,\"name\":\"Libros\",\"item\":\"https:\\\/\\\/booksfrommexico.com\\\/es\\\/libros\\\/\"},{\"@type\":\"ListItem\",\"position\":3,\"name\":\"Historia militar de la revoluci\u00f3n constitucionalista. Primera parte. Tomo II\"}]},{\"@type\":\"WebSite\",\"@id\":\"https:\\\/\\\/booksfrommexico.com\\\/#website\",\"url\":\"https:\\\/\\\/booksfrommexico.com\\\/\",\"name\":\"Books From Mexico\",\"description\":\"\",\"publisher\":{\"@id\":\"https:\\\/\\\/booksfrommexico.com\\\/#organization\"},\"potentialAction\":[{\"@type\":\"SearchAction\",\"target\":{\"@type\":\"EntryPoint\",\"urlTemplate\":\"https:\\\/\\\/booksfrommexico.com\\\/?s={search_term_string}\"},\"query-input\":{\"@type\":\"PropertyValueSpecification\",\"valueRequired\":true,\"valueName\":\"search_term_string\"}}],\"inLanguage\":\"es\"},{\"@type\":\"Organization\",\"@id\":\"https:\\\/\\\/booksfrommexico.com\\\/#organization\",\"name\":\"Books From Mexico\",\"url\":\"https:\\\/\\\/booksfrommexico.com\\\/\",\"logo\":{\"@type\":\"ImageObject\",\"inLanguage\":\"es\",\"@id\":\"https:\\\/\\\/booksfrommexico.com\\\/#\\\/schema\\\/logo\\\/image\\\/\",\"url\":\"https:\\\/\\\/booksfrommexico.com\\\/app\\\/uploads\\\/2023\\\/05\\\/logo-booksfrommexico.svg\",\"contentUrl\":\"https:\\\/\\\/booksfrommexico.com\\\/app\\\/uploads\\\/2023\\\/05\\\/logo-booksfrommexico.svg\",\"width\":86,\"height\":56,\"caption\":\"Books From Mexico\"},\"image\":{\"@id\":\"https:\\\/\\\/booksfrommexico.com\\\/#\\\/schema\\\/logo\\\/image\\\/\"}}]}<\/script>\n<!-- \/ Yoast SEO plugin. -->","yoast_head_json":{"title":"Historia militar de la revoluci\u00f3n constitucionalista. Primera parte","description":"HISTORIA MILITAR DE LA REVOLUCI\u00d3N CONSTITUCIONALISTA : PRIMERA PARTE. TOMO II. \/ Miguel A. S\u00e1nchez Lamego. SEP , INAH de la Revoluci\u00f3n Mexicana, 2011.","robots":{"index":"index","follow":"follow","max-snippet":"max-snippet:-1","max-image-preview":"max-image-preview:large","max-video-preview":"max-video-preview:-1"},"canonical":"https:\/\/booksfrommexico.com\/es\/producto\/historia-militar-de-la-revolucion-constitucionalista-primera-parte-tomo-ii\/","og_locale":"es_ES","og_type":"article","og_title":"Historia militar de la revoluci\u00f3n constitucionalista. Primera parte","og_description":"HISTORIA MILITAR DE LA REVOLUCI\u00d3N CONSTITUCIONALISTA : PRIMERA PARTE. TOMO II. \/ Miguel A. S\u00e1nchez Lamego. SEP , INAH de la Revoluci\u00f3n Mexicana, 2011.","og_url":"https:\/\/booksfrommexico.com\/es\/producto\/historia-militar-de-la-revolucion-constitucionalista-primera-parte-tomo-ii\/","og_site_name":"Books From Mexico","article_modified_time":"2024-04-18T22:40:02+00:00","og_image":[{"width":486,"height":665,"url":"http:\/\/booksfrommexico.com\/app\/uploads\/2023\/05\/164513.jpeg","type":"image\/jpeg"}],"twitter_card":"summary_large_image","twitter_misc":{"Tiempo de lectura":"1 minuto"},"schema":{"@context":"https:\/\/schema.org","@graph":[{"@type":"WebPage","@id":"https:\/\/booksfrommexico.com\/es\/producto\/historia-militar-de-la-revolucion-constitucionalista-primera-parte-tomo-ii\/","url":"https:\/\/booksfrommexico.com\/es\/producto\/historia-militar-de-la-revolucion-constitucionalista-primera-parte-tomo-ii\/","name":"Historia militar de la revoluci\u00f3n constitucionalista. Primera parte","isPartOf":{"@id":"https:\/\/booksfrommexico.com\/#website"},"primaryImageOfPage":{"@id":"https:\/\/booksfrommexico.com\/es\/producto\/historia-militar-de-la-revolucion-constitucionalista-primera-parte-tomo-ii\/#primaryimage"},"image":{"@id":"https:\/\/booksfrommexico.com\/es\/producto\/historia-militar-de-la-revolucion-constitucionalista-primera-parte-tomo-ii\/#primaryimage"},"thumbnailUrl":"https:\/\/booksfrommexico.com\/app\/uploads\/2023\/05\/164513.jpeg","datePublished":"2023-05-08T17:09:22+00:00","dateModified":"2024-04-18T22:40:02+00:00","description":"HISTORIA MILITAR DE LA REVOLUCI\u00d3N CONSTITUCIONALISTA : PRIMERA PARTE. TOMO II. \/ Miguel A. S\u00e1nchez Lamego. SEP , INAH de la Revoluci\u00f3n Mexicana, 2011.","breadcrumb":{"@id":"https:\/\/booksfrommexico.com\/es\/producto\/historia-militar-de-la-revolucion-constitucionalista-primera-parte-tomo-ii\/#breadcrumb"},"inLanguage":"es","potentialAction":[{"@type":"ReadAction","target":["https:\/\/booksfrommexico.com\/es\/producto\/historia-militar-de-la-revolucion-constitucionalista-primera-parte-tomo-ii\/"]}]},{"@type":"ImageObject","inLanguage":"es","@id":"https:\/\/booksfrommexico.com\/es\/producto\/historia-militar-de-la-revolucion-constitucionalista-primera-parte-tomo-ii\/#primaryimage","url":"https:\/\/booksfrommexico.com\/app\/uploads\/2023\/05\/164513.jpeg","contentUrl":"https:\/\/booksfrommexico.com\/app\/uploads\/2023\/05\/164513.jpeg","width":486,"height":665,"caption":"Historia militar de la revoluci\u00f3n constitucionalista Primera parte. Tomo II"},{"@type":"BreadcrumbList","@id":"https:\/\/booksfrommexico.com\/es\/producto\/historia-militar-de-la-revolucion-constitucionalista-primera-parte-tomo-ii\/#breadcrumb","itemListElement":[{"@type":"ListItem","position":1,"name":"Home","item":"https:\/\/booksfrommexico.com\/es\/"},{"@type":"ListItem","position":2,"name":"Libros","item":"https:\/\/booksfrommexico.com\/es\/libros\/"},{"@type":"ListItem","position":3,"name":"Historia militar de la revoluci\u00f3n constitucionalista. Primera parte. Tomo II"}]},{"@type":"WebSite","@id":"https:\/\/booksfrommexico.com\/#website","url":"https:\/\/booksfrommexico.com\/","name":"Books From Mexico","description":"","publisher":{"@id":"https:\/\/booksfrommexico.com\/#organization"},"potentialAction":[{"@type":"SearchAction","target":{"@type":"EntryPoint","urlTemplate":"https:\/\/booksfrommexico.com\/?s={search_term_string}"},"query-input":{"@type":"PropertyValueSpecification","valueRequired":true,"valueName":"search_term_string"}}],"inLanguage":"es"},{"@type":"Organization","@id":"https:\/\/booksfrommexico.com\/#organization","name":"Books From Mexico","url":"https:\/\/booksfrommexico.com\/","logo":{"@type":"ImageObject","inLanguage":"es","@id":"https:\/\/booksfrommexico.com\/#\/schema\/logo\/image\/","url":"https:\/\/booksfrommexico.com\/app\/uploads\/2023\/05\/logo-booksfrommexico.svg","contentUrl":"https:\/\/booksfrommexico.com\/app\/uploads\/2023\/05\/logo-booksfrommexico.svg","width":86,"height":56,"caption":"Books From Mexico"},"image":{"@id":"https:\/\/booksfrommexico.com\/#\/schema\/logo\/image\/"}}]}},"_links":{"self":[{"href":"https:\/\/booksfrommexico.com\/es\/wp-json\/wp\/v2\/product\/984","targetHints":{"allow":["GET"]}}],"collection":[{"href":"https:\/\/booksfrommexico.com\/es\/wp-json\/wp\/v2\/product"}],"about":[{"href":"https:\/\/booksfrommexico.com\/es\/wp-json\/wp\/v2\/types\/product"}],"wp:featuredmedia":[{"embeddable":true,"href":"https:\/\/booksfrommexico.com\/es\/wp-json\/wp\/v2\/media\/983"}],"wp:attachment":[{"href":"https:\/\/booksfrommexico.com\/es\/wp-json\/wp\/v2\/media?parent=984"}],"wp:term":[{"taxonomy":"product_brand","embeddable":true,"href":"https:\/\/booksfrommexico.com\/es\/wp-json\/wp\/v2\/product_brand?post=984"},{"taxonomy":"product_cat","embeddable":true,"href":"https:\/\/booksfrommexico.com\/es\/wp-json\/wp\/v2\/product_cat?post=984"},{"taxonomy":"product_tag","embeddable":true,"href":"https:\/\/booksfrommexico.com\/es\/wp-json\/wp\/v2\/product_tag?post=984"}],"curies":[{"name":"wp","href":"https:\/\/api.w.org\/{rel}","templated":true}]}}