{"id":986,"date":"2023-05-08T17:09:24","date_gmt":"2023-05-08T17:09:24","guid":{"rendered":"http:\/\/booksfrommexico.com\/product\/el-carnaval-en-el-estado-de-hidalgo\/"},"modified":"2024-11-12T19:52:05","modified_gmt":"2024-11-12T19:52:05","slug":"el-carnaval-en-el-estado-de-hidalgo","status":"publish","type":"product","link":"https:\/\/booksfrommexico.com\/es\/producto\/el-carnaval-en-el-estado-de-hidalgo\/","title":{"rendered":"El Carnaval en el estado de Hidalgo"},"content":{"rendered":"<p><span style=\"font-weight: 400;\">El ensayo presentado aqu\u00ed pretende ofrecer un panorama general y breve del carnaval en el estado de Hidalgo, bas\u00e1ndose en datos hist\u00f3ricos y de campo, de fechas recientes (2009 y 2010), que arrojan datos sobre las celebraciones que se llevan a cabo en algunas relaciones del estado. Este fen\u00f3meno social tiene una gran relevancia en la vida de los individuos, pues va m\u00e1s all\u00e1 de la diversi\u00f3n, llegando a la reflexi\u00f3n, tocando puntos anal\u00edticos sobre el vivir, el devenir y la esperanza del ser. Este trabajo funciona como divulgaci\u00f3n y como interpretaci\u00f3n sobre el paradigma del carnaval como manifestaci\u00f3n cultural, acompa\u00f1adas de fotograf\u00edas a color que muestran el carnaval.<\/span><\/p>\n","protected":false},"excerpt":{"rendered":"<p>EL CARNAVAL EN EL ESTADO DE HIDALGO<span style=\"font-weight: 400;\">. \/ Artemio Arroyo Mosqueda.\u00a0 Pachuca, Hidalgo, M\u00e9xico : Gobierno del Estado de Hidalgo , Consejo Estatal para la Cultura y las Artes de Hidalgo , Consejo Nacional para la Cultura y las Artes, 2011. 185 pages : color photos, bibliography ; 26 cm. ISBN : 9786077878209.<\/span><\/p>\n","protected":false},"featured_media":985,"template":"","meta":{"_acf_changed":false,"inline_featured_image":false},"product_brand":[],"product_cat":[66,372],"product_tag":[3920,4248,3880],"class_list":{"0":"post-986","1":"product","2":"type-product","3":"status-publish","4":"has-post-thumbnail","6":"product_cat-sociocultural","7":"product_cat-tradiciones-culturales","8":"product_tag-cultura-popular","9":"product_tag-hidalgo-mexico","10":"product_tag-identidad-cultural","12":"first","13":"outofstock","14":"taxable","15":"shipping-taxable","16":"purchasable","17":"product-type-simple"},"acf":[],"yoast_head":"<!-- This site is optimized with the Yoast SEO plugin v27.3 - https:\/\/yoast.com\/product\/yoast-seo-wordpress\/ -->\n<title>El Carnaval en el estado de Hidalgo<\/title>\n<meta name=\"description\" content=\"EL CARNAVAL EN EL ESTADO DE HIDALGO. \/ Artemio Arroyo Mosqueda. Consejo Estatal para la Cultura y las Artes de Hidalgo , CONACULTA, 2011.\" \/>\n<meta name=\"robots\" content=\"index, follow, max-snippet:-1, max-image-preview:large, max-video-preview:-1\" \/>\n<link rel=\"canonical\" href=\"https:\/\/booksfrommexico.com\/es\/producto\/el-carnaval-en-el-estado-de-hidalgo\/\" \/>\n<meta property=\"og:locale\" content=\"es_ES\" \/>\n<meta property=\"og:type\" content=\"article\" \/>\n<meta property=\"og:title\" content=\"El Carnaval en el estado de Hidalgo\" \/>\n<meta property=\"og:description\" content=\"EL CARNAVAL EN EL ESTADO DE HIDALGO. \/ Artemio Arroyo Mosqueda. Consejo Estatal para la Cultura y las Artes de Hidalgo , CONACULTA, 2011.\" \/>\n<meta property=\"og:url\" content=\"https:\/\/booksfrommexico.com\/es\/producto\/el-carnaval-en-el-estado-de-hidalgo\/\" \/>\n<meta property=\"og:site_name\" content=\"Books From Mexico\" \/>\n<meta property=\"article:modified_time\" content=\"2024-11-12T19:52:05+00:00\" \/>\n<meta property=\"og:image\" content=\"http:\/\/booksfrommexico.com\/app\/uploads\/2023\/05\/164348.jpeg\" \/>\n\t<meta property=\"og:image:width\" content=\"527\" \/>\n\t<meta property=\"og:image:height\" content=\"735\" \/>\n\t<meta property=\"og:image:type\" content=\"image\/jpeg\" \/>\n<meta name=\"twitter:card\" content=\"summary_large_image\" \/>\n<meta name=\"twitter:label1\" content=\"Tiempo de lectura\" \/>\n\t<meta name=\"twitter:data1\" content=\"1 minuto\" \/>\n<script type=\"application\/ld+json\" class=\"yoast-schema-graph\">{\"@context\":\"https:\\\/\\\/schema.org\",\"@graph\":[{\"@type\":\"WebPage\",\"@id\":\"https:\\\/\\\/booksfrommexico.com\\\/es\\\/producto\\\/el-carnaval-en-el-estado-de-hidalgo\\\/\",\"url\":\"https:\\\/\\\/booksfrommexico.com\\\/es\\\/producto\\\/el-carnaval-en-el-estado-de-hidalgo\\\/\",\"name\":\"El Carnaval en el estado de Hidalgo\",\"isPartOf\":{\"@id\":\"https:\\\/\\\/booksfrommexico.com\\\/#website\"},\"primaryImageOfPage\":{\"@id\":\"https:\\\/\\\/booksfrommexico.com\\\/es\\\/producto\\\/el-carnaval-en-el-estado-de-hidalgo\\\/#primaryimage\"},\"image\":{\"@id\":\"https:\\\/\\\/booksfrommexico.com\\\/es\\\/producto\\\/el-carnaval-en-el-estado-de-hidalgo\\\/#primaryimage\"},\"thumbnailUrl\":\"https:\\\/\\\/booksfrommexico.com\\\/app\\\/uploads\\\/2023\\\/05\\\/164348.jpeg\",\"datePublished\":\"2023-05-08T17:09:24+00:00\",\"dateModified\":\"2024-11-12T19:52:05+00:00\",\"description\":\"EL CARNAVAL EN EL ESTADO DE HIDALGO. \\\/ Artemio Arroyo Mosqueda. Consejo Estatal para la Cultura y las Artes de Hidalgo , CONACULTA, 2011.\",\"breadcrumb\":{\"@id\":\"https:\\\/\\\/booksfrommexico.com\\\/es\\\/producto\\\/el-carnaval-en-el-estado-de-hidalgo\\\/#breadcrumb\"},\"inLanguage\":\"es\",\"potentialAction\":[{\"@type\":\"ReadAction\",\"target\":[\"https:\\\/\\\/booksfrommexico.com\\\/es\\\/producto\\\/el-carnaval-en-el-estado-de-hidalgo\\\/\"]}]},{\"@type\":\"ImageObject\",\"inLanguage\":\"es\",\"@id\":\"https:\\\/\\\/booksfrommexico.com\\\/es\\\/producto\\\/el-carnaval-en-el-estado-de-hidalgo\\\/#primaryimage\",\"url\":\"https:\\\/\\\/booksfrommexico.com\\\/app\\\/uploads\\\/2023\\\/05\\\/164348.jpeg\",\"contentUrl\":\"https:\\\/\\\/booksfrommexico.com\\\/app\\\/uploads\\\/2023\\\/05\\\/164348.jpeg\",\"width\":527,\"height\":735,\"caption\":\"El Carnaval en el estado de Hidalgo. Books From M\u00e9xico\"},{\"@type\":\"BreadcrumbList\",\"@id\":\"https:\\\/\\\/booksfrommexico.com\\\/es\\\/producto\\\/el-carnaval-en-el-estado-de-hidalgo\\\/#breadcrumb\",\"itemListElement\":[{\"@type\":\"ListItem\",\"position\":1,\"name\":\"Home\",\"item\":\"https:\\\/\\\/booksfrommexico.com\\\/es\\\/\"},{\"@type\":\"ListItem\",\"position\":2,\"name\":\"Libros\",\"item\":\"https:\\\/\\\/booksfrommexico.com\\\/es\\\/libros\\\/\"},{\"@type\":\"ListItem\",\"position\":3,\"name\":\"El Carnaval en el estado de Hidalgo\"}]},{\"@type\":\"WebSite\",\"@id\":\"https:\\\/\\\/booksfrommexico.com\\\/#website\",\"url\":\"https:\\\/\\\/booksfrommexico.com\\\/\",\"name\":\"Books From Mexico\",\"description\":\"\",\"publisher\":{\"@id\":\"https:\\\/\\\/booksfrommexico.com\\\/#organization\"},\"potentialAction\":[{\"@type\":\"SearchAction\",\"target\":{\"@type\":\"EntryPoint\",\"urlTemplate\":\"https:\\\/\\\/booksfrommexico.com\\\/?s={search_term_string}\"},\"query-input\":{\"@type\":\"PropertyValueSpecification\",\"valueRequired\":true,\"valueName\":\"search_term_string\"}}],\"inLanguage\":\"es\"},{\"@type\":\"Organization\",\"@id\":\"https:\\\/\\\/booksfrommexico.com\\\/#organization\",\"name\":\"Books From Mexico\",\"url\":\"https:\\\/\\\/booksfrommexico.com\\\/\",\"logo\":{\"@type\":\"ImageObject\",\"inLanguage\":\"es\",\"@id\":\"https:\\\/\\\/booksfrommexico.com\\\/#\\\/schema\\\/logo\\\/image\\\/\",\"url\":\"https:\\\/\\\/booksfrommexico.com\\\/app\\\/uploads\\\/2023\\\/05\\\/logo-booksfrommexico.svg\",\"contentUrl\":\"https:\\\/\\\/booksfrommexico.com\\\/app\\\/uploads\\\/2023\\\/05\\\/logo-booksfrommexico.svg\",\"width\":86,\"height\":56,\"caption\":\"Books From Mexico\"},\"image\":{\"@id\":\"https:\\\/\\\/booksfrommexico.com\\\/#\\\/schema\\\/logo\\\/image\\\/\"}}]}<\/script>\n<!-- \/ Yoast SEO plugin. -->","yoast_head_json":{"title":"El Carnaval en el estado de Hidalgo","description":"EL CARNAVAL EN EL ESTADO DE HIDALGO. \/ Artemio Arroyo Mosqueda. Consejo Estatal para la Cultura y las Artes de Hidalgo , CONACULTA, 2011.","robots":{"index":"index","follow":"follow","max-snippet":"max-snippet:-1","max-image-preview":"max-image-preview:large","max-video-preview":"max-video-preview:-1"},"canonical":"https:\/\/booksfrommexico.com\/es\/producto\/el-carnaval-en-el-estado-de-hidalgo\/","og_locale":"es_ES","og_type":"article","og_title":"El Carnaval en el estado de Hidalgo","og_description":"EL CARNAVAL EN EL ESTADO DE HIDALGO. \/ Artemio Arroyo Mosqueda. Consejo Estatal para la Cultura y las Artes de Hidalgo , CONACULTA, 2011.","og_url":"https:\/\/booksfrommexico.com\/es\/producto\/el-carnaval-en-el-estado-de-hidalgo\/","og_site_name":"Books From Mexico","article_modified_time":"2024-11-12T19:52:05+00:00","og_image":[{"width":527,"height":735,"url":"http:\/\/booksfrommexico.com\/app\/uploads\/2023\/05\/164348.jpeg","type":"image\/jpeg"}],"twitter_card":"summary_large_image","twitter_misc":{"Tiempo de lectura":"1 minuto"},"schema":{"@context":"https:\/\/schema.org","@graph":[{"@type":"WebPage","@id":"https:\/\/booksfrommexico.com\/es\/producto\/el-carnaval-en-el-estado-de-hidalgo\/","url":"https:\/\/booksfrommexico.com\/es\/producto\/el-carnaval-en-el-estado-de-hidalgo\/","name":"El Carnaval en el estado de Hidalgo","isPartOf":{"@id":"https:\/\/booksfrommexico.com\/#website"},"primaryImageOfPage":{"@id":"https:\/\/booksfrommexico.com\/es\/producto\/el-carnaval-en-el-estado-de-hidalgo\/#primaryimage"},"image":{"@id":"https:\/\/booksfrommexico.com\/es\/producto\/el-carnaval-en-el-estado-de-hidalgo\/#primaryimage"},"thumbnailUrl":"https:\/\/booksfrommexico.com\/app\/uploads\/2023\/05\/164348.jpeg","datePublished":"2023-05-08T17:09:24+00:00","dateModified":"2024-11-12T19:52:05+00:00","description":"EL CARNAVAL EN EL ESTADO DE HIDALGO. \/ Artemio Arroyo Mosqueda. Consejo Estatal para la Cultura y las Artes de Hidalgo , CONACULTA, 2011.","breadcrumb":{"@id":"https:\/\/booksfrommexico.com\/es\/producto\/el-carnaval-en-el-estado-de-hidalgo\/#breadcrumb"},"inLanguage":"es","potentialAction":[{"@type":"ReadAction","target":["https:\/\/booksfrommexico.com\/es\/producto\/el-carnaval-en-el-estado-de-hidalgo\/"]}]},{"@type":"ImageObject","inLanguage":"es","@id":"https:\/\/booksfrommexico.com\/es\/producto\/el-carnaval-en-el-estado-de-hidalgo\/#primaryimage","url":"https:\/\/booksfrommexico.com\/app\/uploads\/2023\/05\/164348.jpeg","contentUrl":"https:\/\/booksfrommexico.com\/app\/uploads\/2023\/05\/164348.jpeg","width":527,"height":735,"caption":"El Carnaval en el estado de Hidalgo. Books From M\u00e9xico"},{"@type":"BreadcrumbList","@id":"https:\/\/booksfrommexico.com\/es\/producto\/el-carnaval-en-el-estado-de-hidalgo\/#breadcrumb","itemListElement":[{"@type":"ListItem","position":1,"name":"Home","item":"https:\/\/booksfrommexico.com\/es\/"},{"@type":"ListItem","position":2,"name":"Libros","item":"https:\/\/booksfrommexico.com\/es\/libros\/"},{"@type":"ListItem","position":3,"name":"El Carnaval en el estado de Hidalgo"}]},{"@type":"WebSite","@id":"https:\/\/booksfrommexico.com\/#website","url":"https:\/\/booksfrommexico.com\/","name":"Books From Mexico","description":"","publisher":{"@id":"https:\/\/booksfrommexico.com\/#organization"},"potentialAction":[{"@type":"SearchAction","target":{"@type":"EntryPoint","urlTemplate":"https:\/\/booksfrommexico.com\/?s={search_term_string}"},"query-input":{"@type":"PropertyValueSpecification","valueRequired":true,"valueName":"search_term_string"}}],"inLanguage":"es"},{"@type":"Organization","@id":"https:\/\/booksfrommexico.com\/#organization","name":"Books From Mexico","url":"https:\/\/booksfrommexico.com\/","logo":{"@type":"ImageObject","inLanguage":"es","@id":"https:\/\/booksfrommexico.com\/#\/schema\/logo\/image\/","url":"https:\/\/booksfrommexico.com\/app\/uploads\/2023\/05\/logo-booksfrommexico.svg","contentUrl":"https:\/\/booksfrommexico.com\/app\/uploads\/2023\/05\/logo-booksfrommexico.svg","width":86,"height":56,"caption":"Books From Mexico"},"image":{"@id":"https:\/\/booksfrommexico.com\/#\/schema\/logo\/image\/"}}]}},"_links":{"self":[{"href":"https:\/\/booksfrommexico.com\/es\/wp-json\/wp\/v2\/product\/986","targetHints":{"allow":["GET"]}}],"collection":[{"href":"https:\/\/booksfrommexico.com\/es\/wp-json\/wp\/v2\/product"}],"about":[{"href":"https:\/\/booksfrommexico.com\/es\/wp-json\/wp\/v2\/types\/product"}],"wp:featuredmedia":[{"embeddable":true,"href":"https:\/\/booksfrommexico.com\/es\/wp-json\/wp\/v2\/media\/985"}],"wp:attachment":[{"href":"https:\/\/booksfrommexico.com\/es\/wp-json\/wp\/v2\/media?parent=986"}],"wp:term":[{"taxonomy":"product_brand","embeddable":true,"href":"https:\/\/booksfrommexico.com\/es\/wp-json\/wp\/v2\/product_brand?post=986"},{"taxonomy":"product_cat","embeddable":true,"href":"https:\/\/booksfrommexico.com\/es\/wp-json\/wp\/v2\/product_cat?post=986"},{"taxonomy":"product_tag","embeddable":true,"href":"https:\/\/booksfrommexico.com\/es\/wp-json\/wp\/v2\/product_tag?post=986"}],"curies":[{"name":"wp","href":"https:\/\/api.w.org\/{rel}","templated":true}]}}