{"id":990,"date":"2023-05-08T17:09:28","date_gmt":"2023-05-08T17:09:28","guid":{"rendered":"http:\/\/booksfrommexico.com\/product\/jose-maria-idiaquez-impresor-en-el-oratorio-de-la-congregacion-de-san-felipe-neri-de-oaxaca-1807-1826-bibliografia-y-documentos\/"},"modified":"2024-04-18T22:14:30","modified_gmt":"2024-04-18T22:14:30","slug":"jose-maria-idiaquez-impresor-en-el-oratorio-de-la-congregacion-de-san-felipe-neri-de-oaxaca-1807-1826-bibliografia-y-documentos","status":"publish","type":"product","link":"https:\/\/booksfrommexico.com\/es\/producto\/jose-maria-idiaquez-impresor-en-el-oratorio-de-la-congregacion-de-san-felipe-neri-de-oaxaca-1807-1826-bibliografia-y-documentos\/","title":{"rendered":"Jos\u00e9 Mar\u00eda Idi\u00e1quez: Impresor en el oratorio de la congregaci\u00f3n de San Felipe Neri de Oaxaca"},"content":{"rendered":"<p><span style=\"font-weight: 400;\">Jos\u00e9 Mar\u00eda Idi\u00e1quez es conocido por introducir la imprenta moderna en Oaxaca, coincidiendo con el decreto de libertad de prensa para el mundo de habla hispana, el 12 de noviembre de 1810. Este t\u00edtulo est\u00e1 dividido en siete partes: las p\u00e1ginas que dedicaron los primeros observadores, Nicol\u00e1s Le\u00f3n y Jos\u00e9 Toribio Medina, a la historia de la imprenta en Oaxaca; un ensayo de Juan Pascoe sobre el posible desarrollo de la imprenta en Oaxaca; una relaci\u00f3n de la vida obra y significado de Idi\u00e1quez, realizada por Mois\u00e9s Guzm\u00e1n P\u00e9rez; bibliograf\u00eda, registros de impresos y facs\u00edmiles; copias de los textos impresos; documentos de los archivos oaxaque\u00f1os; una nueva y breve bibliograf\u00eda. <\/span><\/p>\n","protected":false},"excerpt":{"rendered":"<p>JOS\u00c9 MAR\u00cdA IDI\u00c1QUEZ : IMPRESOR EN EL ORATORIO DE LA CONGREGACI\u00d3N DE SAN FELIPE NERI DE OAXACA 1807-1826: BIBLIOGRAF\u00cdA Y DOCUMENTOS<span style=\"font-weight: 400;\">. \/ Juan Pascoe ; Claudia Ballesteros, L\u00e9rida Moya, Pen\u00e9lope Orozco (colaborators) ; Oaxaca, M\u00e9xico : Fundaci\u00f3n Alfredo Harp Hel\u00fa Oaxaca ; Universidad Aut\u00f3noma Benito Ju\u00e1rez de Oaxaca ; Biblioteca Francisco de Burgoa, 2011. 387 pages : includes photos, references, bibliography ; 27 cm. ISBN : 9786074162516.<\/span><\/p>\n","protected":false},"featured_media":989,"template":"","meta":{"_acf_changed":false,"inline_featured_image":false},"product_brand":[],"product_cat":[3136,3138,3137],"product_tag":[4245,3797],"class_list":{"0":"post-990","1":"product","2":"type-product","3":"status-publish","4":"has-post-thumbnail","6":"product_cat-bibliografia-y-bibliotecologia","7":"product_cat-historia-de-los-libros-y-la-fabricacion-de-libros-libros-bibliografia-y-bibiotecologia","8":"product_cat-libros-bibliografia-y-bibliotecologia","9":"product_tag-imprenta","10":"product_tag-oaxaca-mexico","12":"first","13":"instock","14":"taxable","15":"shipping-taxable","16":"purchasable","17":"product-type-simple"},"acf":[],"yoast_head":"<!-- This site is optimized with the Yoast SEO plugin v27.3 - https:\/\/yoast.com\/product\/yoast-seo-wordpress\/ -->\n<title>Jos\u00e9 Mar\u00eda Idi\u00e1quez. Impresor en el oratorio de la congregaci\u00f3n...<\/title>\n<meta name=\"description\" content=\"JOS\u00c9 MAR\u00cdA IDI\u00c1QUEZ : IMPRESOR EN EL ORATORIO DE LA CONGREGACI\u00d3N DE SAN FELIPE NERI DE OAXACA 1807-1826: BIBLIOGRAF\u00cdA Y DOCUMENTOS. \/ 2011.\" \/>\n<meta name=\"robots\" content=\"index, follow, max-snippet:-1, max-image-preview:large, max-video-preview:-1\" \/>\n<link rel=\"canonical\" href=\"https:\/\/booksfrommexico.com\/es\/producto\/jose-maria-idiaquez-impresor-en-el-oratorio-de-la-congregacion-de-san-felipe-neri-de-oaxaca-1807-1826-bibliografia-y-documentos\/\" \/>\n<meta property=\"og:locale\" content=\"es_ES\" \/>\n<meta property=\"og:type\" content=\"article\" \/>\n<meta property=\"og:title\" content=\"Jos\u00e9 Mar\u00eda Idi\u00e1quez. Impresor en el oratorio de la congregaci\u00f3n...\" \/>\n<meta property=\"og:description\" content=\"JOS\u00c9 MAR\u00cdA IDI\u00c1QUEZ : IMPRESOR EN EL ORATORIO DE LA CONGREGACI\u00d3N DE SAN FELIPE NERI DE OAXACA 1807-1826: BIBLIOGRAF\u00cdA Y DOCUMENTOS. \/ 2011.\" \/>\n<meta property=\"og:url\" content=\"https:\/\/booksfrommexico.com\/es\/producto\/jose-maria-idiaquez-impresor-en-el-oratorio-de-la-congregacion-de-san-felipe-neri-de-oaxaca-1807-1826-bibliografia-y-documentos\/\" \/>\n<meta property=\"og:site_name\" content=\"Books From Mexico\" \/>\n<meta property=\"article:modified_time\" content=\"2024-04-18T22:14:30+00:00\" \/>\n<meta property=\"og:image\" content=\"http:\/\/booksfrommexico.com\/app\/uploads\/2023\/05\/161911.jpeg\" \/>\n\t<meta property=\"og:image:width\" content=\"614\" \/>\n\t<meta property=\"og:image:height\" content=\"774\" \/>\n\t<meta property=\"og:image:type\" content=\"image\/jpeg\" \/>\n<meta name=\"twitter:card\" content=\"summary_large_image\" \/>\n<meta name=\"twitter:label1\" content=\"Tiempo de lectura\" \/>\n\t<meta name=\"twitter:data1\" content=\"1 minuto\" \/>\n<script type=\"application\/ld+json\" class=\"yoast-schema-graph\">{\"@context\":\"https:\\\/\\\/schema.org\",\"@graph\":[{\"@type\":\"WebPage\",\"@id\":\"https:\\\/\\\/booksfrommexico.com\\\/es\\\/producto\\\/jose-maria-idiaquez-impresor-en-el-oratorio-de-la-congregacion-de-san-felipe-neri-de-oaxaca-1807-1826-bibliografia-y-documentos\\\/\",\"url\":\"https:\\\/\\\/booksfrommexico.com\\\/es\\\/producto\\\/jose-maria-idiaquez-impresor-en-el-oratorio-de-la-congregacion-de-san-felipe-neri-de-oaxaca-1807-1826-bibliografia-y-documentos\\\/\",\"name\":\"Jos\u00e9 Mar\u00eda Idi\u00e1quez. Impresor en el oratorio de la congregaci\u00f3n...\",\"isPartOf\":{\"@id\":\"https:\\\/\\\/booksfrommexico.com\\\/#website\"},\"primaryImageOfPage\":{\"@id\":\"https:\\\/\\\/booksfrommexico.com\\\/es\\\/producto\\\/jose-maria-idiaquez-impresor-en-el-oratorio-de-la-congregacion-de-san-felipe-neri-de-oaxaca-1807-1826-bibliografia-y-documentos\\\/#primaryimage\"},\"image\":{\"@id\":\"https:\\\/\\\/booksfrommexico.com\\\/es\\\/producto\\\/jose-maria-idiaquez-impresor-en-el-oratorio-de-la-congregacion-de-san-felipe-neri-de-oaxaca-1807-1826-bibliografia-y-documentos\\\/#primaryimage\"},\"thumbnailUrl\":\"https:\\\/\\\/booksfrommexico.com\\\/app\\\/uploads\\\/2023\\\/05\\\/161911.jpeg\",\"datePublished\":\"2023-05-08T17:09:28+00:00\",\"dateModified\":\"2024-04-18T22:14:30+00:00\",\"description\":\"JOS\u00c9 MAR\u00cdA IDI\u00c1QUEZ : IMPRESOR EN EL ORATORIO DE LA CONGREGACI\u00d3N DE SAN FELIPE NERI DE OAXACA 1807-1826: BIBLIOGRAF\u00cdA Y DOCUMENTOS. \\\/ 2011.\",\"breadcrumb\":{\"@id\":\"https:\\\/\\\/booksfrommexico.com\\\/es\\\/producto\\\/jose-maria-idiaquez-impresor-en-el-oratorio-de-la-congregacion-de-san-felipe-neri-de-oaxaca-1807-1826-bibliografia-y-documentos\\\/#breadcrumb\"},\"inLanguage\":\"es\",\"potentialAction\":[{\"@type\":\"ReadAction\",\"target\":[\"https:\\\/\\\/booksfrommexico.com\\\/es\\\/producto\\\/jose-maria-idiaquez-impresor-en-el-oratorio-de-la-congregacion-de-san-felipe-neri-de-oaxaca-1807-1826-bibliografia-y-documentos\\\/\"]}]},{\"@type\":\"ImageObject\",\"inLanguage\":\"es\",\"@id\":\"https:\\\/\\\/booksfrommexico.com\\\/es\\\/producto\\\/jose-maria-idiaquez-impresor-en-el-oratorio-de-la-congregacion-de-san-felipe-neri-de-oaxaca-1807-1826-bibliografia-y-documentos\\\/#primaryimage\",\"url\":\"https:\\\/\\\/booksfrommexico.com\\\/app\\\/uploads\\\/2023\\\/05\\\/161911.jpeg\",\"contentUrl\":\"https:\\\/\\\/booksfrommexico.com\\\/app\\\/uploads\\\/2023\\\/05\\\/161911.jpeg\",\"width\":614,\"height\":774,\"caption\":\"Jos\u00e9 Mar\u00eda Idi\u00e1quez Impresor en el oratorio de la congregaci\u00f3n de San Felipe Neri de Oaxaca 1807-1826: Books From M\u00e9xico\"},{\"@type\":\"BreadcrumbList\",\"@id\":\"https:\\\/\\\/booksfrommexico.com\\\/es\\\/producto\\\/jose-maria-idiaquez-impresor-en-el-oratorio-de-la-congregacion-de-san-felipe-neri-de-oaxaca-1807-1826-bibliografia-y-documentos\\\/#breadcrumb\",\"itemListElement\":[{\"@type\":\"ListItem\",\"position\":1,\"name\":\"Home\",\"item\":\"https:\\\/\\\/booksfrommexico.com\\\/es\\\/\"},{\"@type\":\"ListItem\",\"position\":2,\"name\":\"Libros\",\"item\":\"https:\\\/\\\/booksfrommexico.com\\\/es\\\/libros\\\/\"},{\"@type\":\"ListItem\",\"position\":3,\"name\":\"Jos\u00e9 Mar\u00eda Idi\u00e1quez: Impresor en el oratorio de la congregaci\u00f3n de San Felipe Neri de Oaxaca\"}]},{\"@type\":\"WebSite\",\"@id\":\"https:\\\/\\\/booksfrommexico.com\\\/#website\",\"url\":\"https:\\\/\\\/booksfrommexico.com\\\/\",\"name\":\"Books From Mexico\",\"description\":\"\",\"publisher\":{\"@id\":\"https:\\\/\\\/booksfrommexico.com\\\/#organization\"},\"potentialAction\":[{\"@type\":\"SearchAction\",\"target\":{\"@type\":\"EntryPoint\",\"urlTemplate\":\"https:\\\/\\\/booksfrommexico.com\\\/?s={search_term_string}\"},\"query-input\":{\"@type\":\"PropertyValueSpecification\",\"valueRequired\":true,\"valueName\":\"search_term_string\"}}],\"inLanguage\":\"es\"},{\"@type\":\"Organization\",\"@id\":\"https:\\\/\\\/booksfrommexico.com\\\/#organization\",\"name\":\"Books From Mexico\",\"url\":\"https:\\\/\\\/booksfrommexico.com\\\/\",\"logo\":{\"@type\":\"ImageObject\",\"inLanguage\":\"es\",\"@id\":\"https:\\\/\\\/booksfrommexico.com\\\/#\\\/schema\\\/logo\\\/image\\\/\",\"url\":\"https:\\\/\\\/booksfrommexico.com\\\/app\\\/uploads\\\/2023\\\/05\\\/logo-booksfrommexico.svg\",\"contentUrl\":\"https:\\\/\\\/booksfrommexico.com\\\/app\\\/uploads\\\/2023\\\/05\\\/logo-booksfrommexico.svg\",\"width\":86,\"height\":56,\"caption\":\"Books From Mexico\"},\"image\":{\"@id\":\"https:\\\/\\\/booksfrommexico.com\\\/#\\\/schema\\\/logo\\\/image\\\/\"}}]}<\/script>\n<!-- \/ Yoast SEO plugin. -->","yoast_head_json":{"title":"Jos\u00e9 Mar\u00eda Idi\u00e1quez. Impresor en el oratorio de la congregaci\u00f3n...","description":"JOS\u00c9 MAR\u00cdA IDI\u00c1QUEZ : IMPRESOR EN EL ORATORIO DE LA CONGREGACI\u00d3N DE SAN FELIPE NERI DE OAXACA 1807-1826: BIBLIOGRAF\u00cdA Y DOCUMENTOS. \/ 2011.","robots":{"index":"index","follow":"follow","max-snippet":"max-snippet:-1","max-image-preview":"max-image-preview:large","max-video-preview":"max-video-preview:-1"},"canonical":"https:\/\/booksfrommexico.com\/es\/producto\/jose-maria-idiaquez-impresor-en-el-oratorio-de-la-congregacion-de-san-felipe-neri-de-oaxaca-1807-1826-bibliografia-y-documentos\/","og_locale":"es_ES","og_type":"article","og_title":"Jos\u00e9 Mar\u00eda Idi\u00e1quez. Impresor en el oratorio de la congregaci\u00f3n...","og_description":"JOS\u00c9 MAR\u00cdA IDI\u00c1QUEZ : IMPRESOR EN EL ORATORIO DE LA CONGREGACI\u00d3N DE SAN FELIPE NERI DE OAXACA 1807-1826: BIBLIOGRAF\u00cdA Y DOCUMENTOS. \/ 2011.","og_url":"https:\/\/booksfrommexico.com\/es\/producto\/jose-maria-idiaquez-impresor-en-el-oratorio-de-la-congregacion-de-san-felipe-neri-de-oaxaca-1807-1826-bibliografia-y-documentos\/","og_site_name":"Books From Mexico","article_modified_time":"2024-04-18T22:14:30+00:00","og_image":[{"width":614,"height":774,"url":"http:\/\/booksfrommexico.com\/app\/uploads\/2023\/05\/161911.jpeg","type":"image\/jpeg"}],"twitter_card":"summary_large_image","twitter_misc":{"Tiempo de lectura":"1 minuto"},"schema":{"@context":"https:\/\/schema.org","@graph":[{"@type":"WebPage","@id":"https:\/\/booksfrommexico.com\/es\/producto\/jose-maria-idiaquez-impresor-en-el-oratorio-de-la-congregacion-de-san-felipe-neri-de-oaxaca-1807-1826-bibliografia-y-documentos\/","url":"https:\/\/booksfrommexico.com\/es\/producto\/jose-maria-idiaquez-impresor-en-el-oratorio-de-la-congregacion-de-san-felipe-neri-de-oaxaca-1807-1826-bibliografia-y-documentos\/","name":"Jos\u00e9 Mar\u00eda Idi\u00e1quez. Impresor en el oratorio de la congregaci\u00f3n...","isPartOf":{"@id":"https:\/\/booksfrommexico.com\/#website"},"primaryImageOfPage":{"@id":"https:\/\/booksfrommexico.com\/es\/producto\/jose-maria-idiaquez-impresor-en-el-oratorio-de-la-congregacion-de-san-felipe-neri-de-oaxaca-1807-1826-bibliografia-y-documentos\/#primaryimage"},"image":{"@id":"https:\/\/booksfrommexico.com\/es\/producto\/jose-maria-idiaquez-impresor-en-el-oratorio-de-la-congregacion-de-san-felipe-neri-de-oaxaca-1807-1826-bibliografia-y-documentos\/#primaryimage"},"thumbnailUrl":"https:\/\/booksfrommexico.com\/app\/uploads\/2023\/05\/161911.jpeg","datePublished":"2023-05-08T17:09:28+00:00","dateModified":"2024-04-18T22:14:30+00:00","description":"JOS\u00c9 MAR\u00cdA IDI\u00c1QUEZ : IMPRESOR EN EL ORATORIO DE LA CONGREGACI\u00d3N DE SAN FELIPE NERI DE OAXACA 1807-1826: BIBLIOGRAF\u00cdA Y DOCUMENTOS. \/ 2011.","breadcrumb":{"@id":"https:\/\/booksfrommexico.com\/es\/producto\/jose-maria-idiaquez-impresor-en-el-oratorio-de-la-congregacion-de-san-felipe-neri-de-oaxaca-1807-1826-bibliografia-y-documentos\/#breadcrumb"},"inLanguage":"es","potentialAction":[{"@type":"ReadAction","target":["https:\/\/booksfrommexico.com\/es\/producto\/jose-maria-idiaquez-impresor-en-el-oratorio-de-la-congregacion-de-san-felipe-neri-de-oaxaca-1807-1826-bibliografia-y-documentos\/"]}]},{"@type":"ImageObject","inLanguage":"es","@id":"https:\/\/booksfrommexico.com\/es\/producto\/jose-maria-idiaquez-impresor-en-el-oratorio-de-la-congregacion-de-san-felipe-neri-de-oaxaca-1807-1826-bibliografia-y-documentos\/#primaryimage","url":"https:\/\/booksfrommexico.com\/app\/uploads\/2023\/05\/161911.jpeg","contentUrl":"https:\/\/booksfrommexico.com\/app\/uploads\/2023\/05\/161911.jpeg","width":614,"height":774,"caption":"Jos\u00e9 Mar\u00eda Idi\u00e1quez Impresor en el oratorio de la congregaci\u00f3n de San Felipe Neri de Oaxaca 1807-1826: Books From M\u00e9xico"},{"@type":"BreadcrumbList","@id":"https:\/\/booksfrommexico.com\/es\/producto\/jose-maria-idiaquez-impresor-en-el-oratorio-de-la-congregacion-de-san-felipe-neri-de-oaxaca-1807-1826-bibliografia-y-documentos\/#breadcrumb","itemListElement":[{"@type":"ListItem","position":1,"name":"Home","item":"https:\/\/booksfrommexico.com\/es\/"},{"@type":"ListItem","position":2,"name":"Libros","item":"https:\/\/booksfrommexico.com\/es\/libros\/"},{"@type":"ListItem","position":3,"name":"Jos\u00e9 Mar\u00eda Idi\u00e1quez: Impresor en el oratorio de la congregaci\u00f3n de San Felipe Neri de Oaxaca"}]},{"@type":"WebSite","@id":"https:\/\/booksfrommexico.com\/#website","url":"https:\/\/booksfrommexico.com\/","name":"Books From Mexico","description":"","publisher":{"@id":"https:\/\/booksfrommexico.com\/#organization"},"potentialAction":[{"@type":"SearchAction","target":{"@type":"EntryPoint","urlTemplate":"https:\/\/booksfrommexico.com\/?s={search_term_string}"},"query-input":{"@type":"PropertyValueSpecification","valueRequired":true,"valueName":"search_term_string"}}],"inLanguage":"es"},{"@type":"Organization","@id":"https:\/\/booksfrommexico.com\/#organization","name":"Books From Mexico","url":"https:\/\/booksfrommexico.com\/","logo":{"@type":"ImageObject","inLanguage":"es","@id":"https:\/\/booksfrommexico.com\/#\/schema\/logo\/image\/","url":"https:\/\/booksfrommexico.com\/app\/uploads\/2023\/05\/logo-booksfrommexico.svg","contentUrl":"https:\/\/booksfrommexico.com\/app\/uploads\/2023\/05\/logo-booksfrommexico.svg","width":86,"height":56,"caption":"Books From Mexico"},"image":{"@id":"https:\/\/booksfrommexico.com\/#\/schema\/logo\/image\/"}}]}},"_links":{"self":[{"href":"https:\/\/booksfrommexico.com\/es\/wp-json\/wp\/v2\/product\/990","targetHints":{"allow":["GET"]}}],"collection":[{"href":"https:\/\/booksfrommexico.com\/es\/wp-json\/wp\/v2\/product"}],"about":[{"href":"https:\/\/booksfrommexico.com\/es\/wp-json\/wp\/v2\/types\/product"}],"wp:featuredmedia":[{"embeddable":true,"href":"https:\/\/booksfrommexico.com\/es\/wp-json\/wp\/v2\/media\/989"}],"wp:attachment":[{"href":"https:\/\/booksfrommexico.com\/es\/wp-json\/wp\/v2\/media?parent=990"}],"wp:term":[{"taxonomy":"product_brand","embeddable":true,"href":"https:\/\/booksfrommexico.com\/es\/wp-json\/wp\/v2\/product_brand?post=990"},{"taxonomy":"product_cat","embeddable":true,"href":"https:\/\/booksfrommexico.com\/es\/wp-json\/wp\/v2\/product_cat?post=990"},{"taxonomy":"product_tag","embeddable":true,"href":"https:\/\/booksfrommexico.com\/es\/wp-json\/wp\/v2\/product_tag?post=990"}],"curies":[{"name":"wp","href":"https:\/\/api.w.org\/{rel}","templated":true}]}}