{"id":992,"date":"2023-05-08T17:09:30","date_gmt":"2023-05-08T17:09:30","guid":{"rendered":"http:\/\/booksfrommexico.com\/product\/plural-en-la-cultura-literaria-y-politica-latinoamericana-de-tlatelolco-a-el-ogro-filantropico\/"},"modified":"2024-04-18T20:06:01","modified_gmt":"2024-04-18T20:06:01","slug":"plural-en-la-cultura-literaria-y-politica-latinoamericana-de-tlatelolco-a-el-ogro-filantropico","status":"publish","type":"product","link":"https:\/\/booksfrommexico.com\/es\/producto\/plural-en-la-cultura-literaria-y-politica-latinoamericana-de-tlatelolco-a-el-ogro-filantropico\/","title":{"rendered":"Plural en la cultura literaria y pol\u00edtica latinoamericana"},"content":{"rendered":"<p><span style=\"font-weight: 400;\">La revista <\/span><i><span style=\"font-weight: 400;\">Plural <\/span><\/i><span style=\"font-weight: 400;\">surgi\u00f3 en 1971 como iniciativa de los administradores y colaboradores del peri\u00f3dico <\/span><i><span style=\"font-weight: 400;\">Exc\u00e9lsior<\/span><\/i><span style=\"font-weight: 400;\">, bajo la direcci\u00f3n de Octavio Paz, quien ten\u00eda en mente crear una publicaci\u00f3n abierta al mundo. Bajo esta premisa, <\/span><i><span style=\"font-weight: 400;\">Plural <\/span><\/i><span style=\"font-weight: 400;\">se convirti\u00f3 en el eje de la vida intelectual hispanoamericana, que durante cinco a\u00f1os recibi\u00f3 contribuciones de los m\u00e1s grandes escritores y cr\u00edticos de habla hispana, as\u00ed como de los representantes m\u00e1s connotados de la literatura universal. En este t\u00edtulo se hace un repaso de la historia de la revista, subrayando las condiciones pol\u00edticas y culturales que contribuyeron a su surgimiento y tambi\u00e9n a su repentino cierre.<\/span><\/p>\n","protected":false},"excerpt":{"rendered":"<p>PLURAL EN LA CULTURA LITERARIA Y POL\u00cdTICA LATINOAMERICANA: DE TLATELOLCO A \u201cEL OGRO FILANTR\u00d3PICO\u201d<span style=\"font-weight: 400;\">. \/ John King. M\u00e9xico, D.F., : Fondo de Cultura Econ\u00f3mica. 343 pages : includes index, bibliography ; (Serie Vida y Pensamiento de M\u00e9xico). ISBN : 9786071608123. <\/span><\/p>\n","protected":false},"featured_media":991,"template":"","meta":{"_acf_changed":false,"inline_featured_image":false},"product_brand":[],"product_cat":[52,25],"product_tag":[3869,3821],"class_list":{"0":"post-992","1":"product","2":"type-product","3":"status-publish","4":"has-post-thumbnail","6":"product_cat-critica-literaria","7":"product_cat-literatura","8":"product_tag-critica-y-estudios","9":"product_tag-literatura-hispanoamericana","11":"first","12":"instock","13":"taxable","14":"shipping-taxable","15":"purchasable","16":"product-type-simple"},"acf":[],"yoast_head":"<!-- This site is optimized with the Yoast SEO plugin v27.3 - https:\/\/yoast.com\/product\/yoast-seo-wordpress\/ -->\n<title>Plural en la cultura literaria y pol\u00edtica latinoamericana.<\/title>\n<meta name=\"description\" content=\"PLURAL EN LA CULTURA LITERARIA Y POL\u00cdTICA LATINOAMERICANA: DE TLATELOLCO A \u201cEL OGRO FILANTR\u00d3PICO\u201d. \/ John King. (Serie Vida y Pensamiento de M\u00e9xico).\" \/>\n<meta name=\"robots\" content=\"index, follow, max-snippet:-1, max-image-preview:large, max-video-preview:-1\" \/>\n<link rel=\"canonical\" href=\"https:\/\/booksfrommexico.com\/es\/producto\/plural-en-la-cultura-literaria-y-politica-latinoamericana-de-tlatelolco-a-el-ogro-filantropico\/\" \/>\n<meta property=\"og:locale\" content=\"es_ES\" \/>\n<meta property=\"og:type\" content=\"article\" \/>\n<meta property=\"og:title\" content=\"Plural en la cultura literaria y pol\u00edtica latinoamericana.\" \/>\n<meta property=\"og:description\" content=\"PLURAL EN LA CULTURA LITERARIA Y POL\u00cdTICA LATINOAMERICANA: DE TLATELOLCO A \u201cEL OGRO FILANTR\u00d3PICO\u201d. \/ John King. (Serie Vida y Pensamiento de M\u00e9xico).\" \/>\n<meta property=\"og:url\" content=\"https:\/\/booksfrommexico.com\/es\/producto\/plural-en-la-cultura-literaria-y-politica-latinoamericana-de-tlatelolco-a-el-ogro-filantropico\/\" \/>\n<meta property=\"og:site_name\" content=\"Books From Mexico\" \/>\n<meta property=\"article:modified_time\" content=\"2024-04-18T20:06:01+00:00\" \/>\n<meta property=\"og:image\" content=\"http:\/\/booksfrommexico.com\/app\/uploads\/2023\/05\/161429.jpeg\" \/>\n\t<meta property=\"og:image:width\" content=\"387\" \/>\n\t<meta property=\"og:image:height\" content=\"609\" \/>\n\t<meta property=\"og:image:type\" content=\"image\/jpeg\" \/>\n<meta name=\"twitter:card\" content=\"summary_large_image\" \/>\n<meta name=\"twitter:label1\" content=\"Tiempo de lectura\" \/>\n\t<meta name=\"twitter:data1\" content=\"1 minuto\" \/>\n<script type=\"application\/ld+json\" class=\"yoast-schema-graph\">{\"@context\":\"https:\\\/\\\/schema.org\",\"@graph\":[{\"@type\":\"WebPage\",\"@id\":\"https:\\\/\\\/booksfrommexico.com\\\/es\\\/producto\\\/plural-en-la-cultura-literaria-y-politica-latinoamericana-de-tlatelolco-a-el-ogro-filantropico\\\/\",\"url\":\"https:\\\/\\\/booksfrommexico.com\\\/es\\\/producto\\\/plural-en-la-cultura-literaria-y-politica-latinoamericana-de-tlatelolco-a-el-ogro-filantropico\\\/\",\"name\":\"Plural en la cultura literaria y pol\u00edtica latinoamericana.\",\"isPartOf\":{\"@id\":\"https:\\\/\\\/booksfrommexico.com\\\/#website\"},\"primaryImageOfPage\":{\"@id\":\"https:\\\/\\\/booksfrommexico.com\\\/es\\\/producto\\\/plural-en-la-cultura-literaria-y-politica-latinoamericana-de-tlatelolco-a-el-ogro-filantropico\\\/#primaryimage\"},\"image\":{\"@id\":\"https:\\\/\\\/booksfrommexico.com\\\/es\\\/producto\\\/plural-en-la-cultura-literaria-y-politica-latinoamericana-de-tlatelolco-a-el-ogro-filantropico\\\/#primaryimage\"},\"thumbnailUrl\":\"https:\\\/\\\/booksfrommexico.com\\\/app\\\/uploads\\\/2023\\\/05\\\/161429.jpeg\",\"datePublished\":\"2023-05-08T17:09:30+00:00\",\"dateModified\":\"2024-04-18T20:06:01+00:00\",\"description\":\"PLURAL EN LA CULTURA LITERARIA Y POL\u00cdTICA LATINOAMERICANA: DE TLATELOLCO A \u201cEL OGRO FILANTR\u00d3PICO\u201d. \\\/ John King. (Serie Vida y Pensamiento de M\u00e9xico).\",\"breadcrumb\":{\"@id\":\"https:\\\/\\\/booksfrommexico.com\\\/es\\\/producto\\\/plural-en-la-cultura-literaria-y-politica-latinoamericana-de-tlatelolco-a-el-ogro-filantropico\\\/#breadcrumb\"},\"inLanguage\":\"es\",\"potentialAction\":[{\"@type\":\"ReadAction\",\"target\":[\"https:\\\/\\\/booksfrommexico.com\\\/es\\\/producto\\\/plural-en-la-cultura-literaria-y-politica-latinoamericana-de-tlatelolco-a-el-ogro-filantropico\\\/\"]}]},{\"@type\":\"ImageObject\",\"inLanguage\":\"es\",\"@id\":\"https:\\\/\\\/booksfrommexico.com\\\/es\\\/producto\\\/plural-en-la-cultura-literaria-y-politica-latinoamericana-de-tlatelolco-a-el-ogro-filantropico\\\/#primaryimage\",\"url\":\"https:\\\/\\\/booksfrommexico.com\\\/app\\\/uploads\\\/2023\\\/05\\\/161429.jpeg\",\"contentUrl\":\"https:\\\/\\\/booksfrommexico.com\\\/app\\\/uploads\\\/2023\\\/05\\\/161429.jpeg\",\"width\":387,\"height\":609,\"caption\":\"Plural en la cultura literaria y pol\u00edtica latinoamericana. De Tlatelolco a El Ogro filantr\u00f3pico. Books From M\u00e9xico\"},{\"@type\":\"BreadcrumbList\",\"@id\":\"https:\\\/\\\/booksfrommexico.com\\\/es\\\/producto\\\/plural-en-la-cultura-literaria-y-politica-latinoamericana-de-tlatelolco-a-el-ogro-filantropico\\\/#breadcrumb\",\"itemListElement\":[{\"@type\":\"ListItem\",\"position\":1,\"name\":\"Home\",\"item\":\"https:\\\/\\\/booksfrommexico.com\\\/es\\\/\"},{\"@type\":\"ListItem\",\"position\":2,\"name\":\"Libros\",\"item\":\"https:\\\/\\\/booksfrommexico.com\\\/es\\\/libros\\\/\"},{\"@type\":\"ListItem\",\"position\":3,\"name\":\"Plural en la cultura literaria y pol\u00edtica latinoamericana\"}]},{\"@type\":\"WebSite\",\"@id\":\"https:\\\/\\\/booksfrommexico.com\\\/#website\",\"url\":\"https:\\\/\\\/booksfrommexico.com\\\/\",\"name\":\"Books From Mexico\",\"description\":\"\",\"publisher\":{\"@id\":\"https:\\\/\\\/booksfrommexico.com\\\/#organization\"},\"potentialAction\":[{\"@type\":\"SearchAction\",\"target\":{\"@type\":\"EntryPoint\",\"urlTemplate\":\"https:\\\/\\\/booksfrommexico.com\\\/?s={search_term_string}\"},\"query-input\":{\"@type\":\"PropertyValueSpecification\",\"valueRequired\":true,\"valueName\":\"search_term_string\"}}],\"inLanguage\":\"es\"},{\"@type\":\"Organization\",\"@id\":\"https:\\\/\\\/booksfrommexico.com\\\/#organization\",\"name\":\"Books From Mexico\",\"url\":\"https:\\\/\\\/booksfrommexico.com\\\/\",\"logo\":{\"@type\":\"ImageObject\",\"inLanguage\":\"es\",\"@id\":\"https:\\\/\\\/booksfrommexico.com\\\/#\\\/schema\\\/logo\\\/image\\\/\",\"url\":\"https:\\\/\\\/booksfrommexico.com\\\/app\\\/uploads\\\/2023\\\/05\\\/logo-booksfrommexico.svg\",\"contentUrl\":\"https:\\\/\\\/booksfrommexico.com\\\/app\\\/uploads\\\/2023\\\/05\\\/logo-booksfrommexico.svg\",\"width\":86,\"height\":56,\"caption\":\"Books From Mexico\"},\"image\":{\"@id\":\"https:\\\/\\\/booksfrommexico.com\\\/#\\\/schema\\\/logo\\\/image\\\/\"}}]}<\/script>\n<!-- \/ Yoast SEO plugin. -->","yoast_head_json":{"title":"Plural en la cultura literaria y pol\u00edtica latinoamericana.","description":"PLURAL EN LA CULTURA LITERARIA Y POL\u00cdTICA LATINOAMERICANA: DE TLATELOLCO A \u201cEL OGRO FILANTR\u00d3PICO\u201d. \/ John King. (Serie Vida y Pensamiento de M\u00e9xico).","robots":{"index":"index","follow":"follow","max-snippet":"max-snippet:-1","max-image-preview":"max-image-preview:large","max-video-preview":"max-video-preview:-1"},"canonical":"https:\/\/booksfrommexico.com\/es\/producto\/plural-en-la-cultura-literaria-y-politica-latinoamericana-de-tlatelolco-a-el-ogro-filantropico\/","og_locale":"es_ES","og_type":"article","og_title":"Plural en la cultura literaria y pol\u00edtica latinoamericana.","og_description":"PLURAL EN LA CULTURA LITERARIA Y POL\u00cdTICA LATINOAMERICANA: DE TLATELOLCO A \u201cEL OGRO FILANTR\u00d3PICO\u201d. \/ John King. (Serie Vida y Pensamiento de M\u00e9xico).","og_url":"https:\/\/booksfrommexico.com\/es\/producto\/plural-en-la-cultura-literaria-y-politica-latinoamericana-de-tlatelolco-a-el-ogro-filantropico\/","og_site_name":"Books From Mexico","article_modified_time":"2024-04-18T20:06:01+00:00","og_image":[{"width":387,"height":609,"url":"http:\/\/booksfrommexico.com\/app\/uploads\/2023\/05\/161429.jpeg","type":"image\/jpeg"}],"twitter_card":"summary_large_image","twitter_misc":{"Tiempo de lectura":"1 minuto"},"schema":{"@context":"https:\/\/schema.org","@graph":[{"@type":"WebPage","@id":"https:\/\/booksfrommexico.com\/es\/producto\/plural-en-la-cultura-literaria-y-politica-latinoamericana-de-tlatelolco-a-el-ogro-filantropico\/","url":"https:\/\/booksfrommexico.com\/es\/producto\/plural-en-la-cultura-literaria-y-politica-latinoamericana-de-tlatelolco-a-el-ogro-filantropico\/","name":"Plural en la cultura literaria y pol\u00edtica latinoamericana.","isPartOf":{"@id":"https:\/\/booksfrommexico.com\/#website"},"primaryImageOfPage":{"@id":"https:\/\/booksfrommexico.com\/es\/producto\/plural-en-la-cultura-literaria-y-politica-latinoamericana-de-tlatelolco-a-el-ogro-filantropico\/#primaryimage"},"image":{"@id":"https:\/\/booksfrommexico.com\/es\/producto\/plural-en-la-cultura-literaria-y-politica-latinoamericana-de-tlatelolco-a-el-ogro-filantropico\/#primaryimage"},"thumbnailUrl":"https:\/\/booksfrommexico.com\/app\/uploads\/2023\/05\/161429.jpeg","datePublished":"2023-05-08T17:09:30+00:00","dateModified":"2024-04-18T20:06:01+00:00","description":"PLURAL EN LA CULTURA LITERARIA Y POL\u00cdTICA LATINOAMERICANA: DE TLATELOLCO A \u201cEL OGRO FILANTR\u00d3PICO\u201d. \/ John King. (Serie Vida y Pensamiento de M\u00e9xico).","breadcrumb":{"@id":"https:\/\/booksfrommexico.com\/es\/producto\/plural-en-la-cultura-literaria-y-politica-latinoamericana-de-tlatelolco-a-el-ogro-filantropico\/#breadcrumb"},"inLanguage":"es","potentialAction":[{"@type":"ReadAction","target":["https:\/\/booksfrommexico.com\/es\/producto\/plural-en-la-cultura-literaria-y-politica-latinoamericana-de-tlatelolco-a-el-ogro-filantropico\/"]}]},{"@type":"ImageObject","inLanguage":"es","@id":"https:\/\/booksfrommexico.com\/es\/producto\/plural-en-la-cultura-literaria-y-politica-latinoamericana-de-tlatelolco-a-el-ogro-filantropico\/#primaryimage","url":"https:\/\/booksfrommexico.com\/app\/uploads\/2023\/05\/161429.jpeg","contentUrl":"https:\/\/booksfrommexico.com\/app\/uploads\/2023\/05\/161429.jpeg","width":387,"height":609,"caption":"Plural en la cultura literaria y pol\u00edtica latinoamericana. De Tlatelolco a El Ogro filantr\u00f3pico. Books From M\u00e9xico"},{"@type":"BreadcrumbList","@id":"https:\/\/booksfrommexico.com\/es\/producto\/plural-en-la-cultura-literaria-y-politica-latinoamericana-de-tlatelolco-a-el-ogro-filantropico\/#breadcrumb","itemListElement":[{"@type":"ListItem","position":1,"name":"Home","item":"https:\/\/booksfrommexico.com\/es\/"},{"@type":"ListItem","position":2,"name":"Libros","item":"https:\/\/booksfrommexico.com\/es\/libros\/"},{"@type":"ListItem","position":3,"name":"Plural en la cultura literaria y pol\u00edtica latinoamericana"}]},{"@type":"WebSite","@id":"https:\/\/booksfrommexico.com\/#website","url":"https:\/\/booksfrommexico.com\/","name":"Books From Mexico","description":"","publisher":{"@id":"https:\/\/booksfrommexico.com\/#organization"},"potentialAction":[{"@type":"SearchAction","target":{"@type":"EntryPoint","urlTemplate":"https:\/\/booksfrommexico.com\/?s={search_term_string}"},"query-input":{"@type":"PropertyValueSpecification","valueRequired":true,"valueName":"search_term_string"}}],"inLanguage":"es"},{"@type":"Organization","@id":"https:\/\/booksfrommexico.com\/#organization","name":"Books From Mexico","url":"https:\/\/booksfrommexico.com\/","logo":{"@type":"ImageObject","inLanguage":"es","@id":"https:\/\/booksfrommexico.com\/#\/schema\/logo\/image\/","url":"https:\/\/booksfrommexico.com\/app\/uploads\/2023\/05\/logo-booksfrommexico.svg","contentUrl":"https:\/\/booksfrommexico.com\/app\/uploads\/2023\/05\/logo-booksfrommexico.svg","width":86,"height":56,"caption":"Books From Mexico"},"image":{"@id":"https:\/\/booksfrommexico.com\/#\/schema\/logo\/image\/"}}]}},"_links":{"self":[{"href":"https:\/\/booksfrommexico.com\/es\/wp-json\/wp\/v2\/product\/992","targetHints":{"allow":["GET"]}}],"collection":[{"href":"https:\/\/booksfrommexico.com\/es\/wp-json\/wp\/v2\/product"}],"about":[{"href":"https:\/\/booksfrommexico.com\/es\/wp-json\/wp\/v2\/types\/product"}],"wp:featuredmedia":[{"embeddable":true,"href":"https:\/\/booksfrommexico.com\/es\/wp-json\/wp\/v2\/media\/991"}],"wp:attachment":[{"href":"https:\/\/booksfrommexico.com\/es\/wp-json\/wp\/v2\/media?parent=992"}],"wp:term":[{"taxonomy":"product_brand","embeddable":true,"href":"https:\/\/booksfrommexico.com\/es\/wp-json\/wp\/v2\/product_brand?post=992"},{"taxonomy":"product_cat","embeddable":true,"href":"https:\/\/booksfrommexico.com\/es\/wp-json\/wp\/v2\/product_cat?post=992"},{"taxonomy":"product_tag","embeddable":true,"href":"https:\/\/booksfrommexico.com\/es\/wp-json\/wp\/v2\/product_tag?post=992"}],"curies":[{"name":"wp","href":"https:\/\/api.w.org\/{rel}","templated":true}]}}