{"id":994,"date":"2023-05-08T17:09:31","date_gmt":"2023-05-08T17:09:31","guid":{"rendered":"http:\/\/booksfrommexico.com\/product\/cine-genero-y-jovenes-el-cine-mexicano-contemporaneo-y-su-audiencia-tapatia\/"},"modified":"2024-04-18T20:40:34","modified_gmt":"2024-04-18T20:40:34","slug":"cine-genero-y-jovenes-el-cine-mexicano-contemporaneo-y-su-audiencia-tapatia","status":"publish","type":"product","link":"https:\/\/booksfrommexico.com\/es\/producto\/cine-genero-y-jovenes-el-cine-mexicano-contemporaneo-y-su-audiencia-tapatia\/","title":{"rendered":"Cine, g\u00e9nero y j\u00f3venes: El cine mexicano contempor\u00e1neo y su audiencia tapat\u00eda"},"content":{"rendered":"<p><span style=\"font-weight: 400;\">Como parte de la Colecci\u00f3n del Centro de Estudios de G\u00e9nero <\/span><span style=\"font-weight: 400;\">\u2015<\/span><span style=\"font-weight: 400;\">el cual fomenta la difusi\u00f3n de trabajos acad\u00e9micos que se producen en la UDG incorporando el an\u00e1lisis de la perspectiva de g\u00e9nero<\/span><span style=\"font-weight: 400;\">\u2015, el objetivo de este trabajo es ofrecer una visi\u00f3n m\u00e1s amplia sobre el cine mexicano. Este t\u00edtulo presenta el fen\u00f3meno de la recepci\u00f3n y las audiencias del cine mexicano contempor\u00e1neo, a trav\u00e9s de una reflexi\u00f3n profunda y contextualizada sobre las m\u00faltiples facetas del\u00a0 caso, as\u00ed como una lectura estudiada de las pel\u00edculas tratadas aqu\u00ed. El reto al que se enfrenta la autora es analizar la relaci\u00f3n de los j\u00f3venes tapat\u00edos con el cine, tanto como protagonistas, sujetos culturales y sociales, no s\u00f3lo como consumidores.<\/span><\/p>\n","protected":false},"excerpt":{"rendered":"<p>CINE, G\u00c9NERO Y J\u00d3VENES : EL CINE MEXICANO CONTEMPOR\u00c1NEO Y SU AUDIENCIA TAPAT\u00cdA<span style=\"font-weight: 400;\">. \/ Patricia Torres San Mart\u00edn. Guadalajara, Jalisco, M\u00e9xico : Gobierno de Chiapas , Secretar\u00eda de Educaci\u00f3n P\u00fablica , Programa Integral de Fortalecimiento Institucional ; Universidad de Guadalajara , Centro Universitario de Ciencias Sociales y Humanidades , Centro de Estudios de G\u00e9nero, 2011. 230 pages : includes photos, charts, table, bibliography ; 23 cm. (Colecci\u00f3n del Centro de Estudios de G\u00e9nero). ISBN : 9786074504057 (collection) ; 9786074504040 (volumen). <\/span><\/p>\n","protected":false},"featured_media":993,"template":"","meta":{"_acf_changed":false,"inline_featured_image":false},"product_brand":[],"product_cat":[4036,911],"product_tag":[3700,4037,3869],"class_list":{"0":"post-994","1":"product","2":"type-product","3":"status-publish","4":"has-post-thumbnail","6":"product_cat-critica-pelicula-y-cine","7":"product_cat-pelicula-y-cine","8":"product_tag-chiapas-mexico","9":"product_tag-cine-mexicano","10":"product_tag-critica-y-estudios","12":"first","13":"instock","14":"taxable","15":"shipping-taxable","16":"purchasable","17":"product-type-simple"},"acf":[],"yoast_head":"<!-- This site is optimized with the Yoast SEO plugin v27.3 - https:\/\/yoast.com\/product\/yoast-seo-wordpress\/ -->\n<title>Cine, g\u00e9nero y j\u00f3venes<\/title>\n<meta name=\"description\" content=\"CINE, G\u00c9NERO Y J\u00d3VENES : EL CINE MEXICANO CONTEMPOR\u00c1NEO Y SU AUDIENCIA TAPAT\u00cdA. \/ Patricia Torres San Mart\u00edn. (Colecci\u00f3n del Centro de Estudios de G\u00e9nero).\" \/>\n<meta name=\"robots\" content=\"index, follow, max-snippet:-1, max-image-preview:large, max-video-preview:-1\" \/>\n<link rel=\"canonical\" href=\"https:\/\/booksfrommexico.com\/es\/producto\/cine-genero-y-jovenes-el-cine-mexicano-contemporaneo-y-su-audiencia-tapatia\/\" \/>\n<meta property=\"og:locale\" content=\"es_ES\" \/>\n<meta property=\"og:type\" content=\"article\" \/>\n<meta property=\"og:title\" content=\"Cine, g\u00e9nero y j\u00f3venes\" \/>\n<meta property=\"og:description\" content=\"CINE, G\u00c9NERO Y J\u00d3VENES : EL CINE MEXICANO CONTEMPOR\u00c1NEO Y SU AUDIENCIA TAPAT\u00cdA. \/ Patricia Torres San Mart\u00edn. (Colecci\u00f3n del Centro de Estudios de G\u00e9nero).\" \/>\n<meta property=\"og:url\" content=\"https:\/\/booksfrommexico.com\/es\/producto\/cine-genero-y-jovenes-el-cine-mexicano-contemporaneo-y-su-audiencia-tapatia\/\" \/>\n<meta property=\"og:site_name\" content=\"Books From Mexico\" \/>\n<meta property=\"article:modified_time\" content=\"2024-04-18T20:40:34+00:00\" \/>\n<meta property=\"og:image\" content=\"http:\/\/booksfrommexico.com\/app\/uploads\/2023\/05\/161095.jpeg\" \/>\n\t<meta property=\"og:image:width\" content=\"486\" \/>\n\t<meta property=\"og:image:height\" content=\"649\" \/>\n\t<meta property=\"og:image:type\" content=\"image\/jpeg\" \/>\n<meta name=\"twitter:card\" content=\"summary_large_image\" \/>\n<meta name=\"twitter:label1\" content=\"Tiempo de lectura\" \/>\n\t<meta name=\"twitter:data1\" content=\"1 minuto\" \/>\n<script type=\"application\/ld+json\" class=\"yoast-schema-graph\">{\"@context\":\"https:\\\/\\\/schema.org\",\"@graph\":[{\"@type\":\"WebPage\",\"@id\":\"https:\\\/\\\/booksfrommexico.com\\\/es\\\/producto\\\/cine-genero-y-jovenes-el-cine-mexicano-contemporaneo-y-su-audiencia-tapatia\\\/\",\"url\":\"https:\\\/\\\/booksfrommexico.com\\\/es\\\/producto\\\/cine-genero-y-jovenes-el-cine-mexicano-contemporaneo-y-su-audiencia-tapatia\\\/\",\"name\":\"Cine, g\u00e9nero y j\u00f3venes\",\"isPartOf\":{\"@id\":\"https:\\\/\\\/booksfrommexico.com\\\/#website\"},\"primaryImageOfPage\":{\"@id\":\"https:\\\/\\\/booksfrommexico.com\\\/es\\\/producto\\\/cine-genero-y-jovenes-el-cine-mexicano-contemporaneo-y-su-audiencia-tapatia\\\/#primaryimage\"},\"image\":{\"@id\":\"https:\\\/\\\/booksfrommexico.com\\\/es\\\/producto\\\/cine-genero-y-jovenes-el-cine-mexicano-contemporaneo-y-su-audiencia-tapatia\\\/#primaryimage\"},\"thumbnailUrl\":\"https:\\\/\\\/booksfrommexico.com\\\/app\\\/uploads\\\/2023\\\/05\\\/161095.jpeg\",\"datePublished\":\"2023-05-08T17:09:31+00:00\",\"dateModified\":\"2024-04-18T20:40:34+00:00\",\"description\":\"CINE, G\u00c9NERO Y J\u00d3VENES : EL CINE MEXICANO CONTEMPOR\u00c1NEO Y SU AUDIENCIA TAPAT\u00cdA. \\\/ Patricia Torres San Mart\u00edn. (Colecci\u00f3n del Centro de Estudios de G\u00e9nero).\",\"breadcrumb\":{\"@id\":\"https:\\\/\\\/booksfrommexico.com\\\/es\\\/producto\\\/cine-genero-y-jovenes-el-cine-mexicano-contemporaneo-y-su-audiencia-tapatia\\\/#breadcrumb\"},\"inLanguage\":\"es\",\"potentialAction\":[{\"@type\":\"ReadAction\",\"target\":[\"https:\\\/\\\/booksfrommexico.com\\\/es\\\/producto\\\/cine-genero-y-jovenes-el-cine-mexicano-contemporaneo-y-su-audiencia-tapatia\\\/\"]}]},{\"@type\":\"ImageObject\",\"inLanguage\":\"es\",\"@id\":\"https:\\\/\\\/booksfrommexico.com\\\/es\\\/producto\\\/cine-genero-y-jovenes-el-cine-mexicano-contemporaneo-y-su-audiencia-tapatia\\\/#primaryimage\",\"url\":\"https:\\\/\\\/booksfrommexico.com\\\/app\\\/uploads\\\/2023\\\/05\\\/161095.jpeg\",\"contentUrl\":\"https:\\\/\\\/booksfrommexico.com\\\/app\\\/uploads\\\/2023\\\/05\\\/161095.jpeg\",\"width\":486,\"height\":649,\"caption\":\"El cine mexicano contempor\u00e1neo y su audiencia tapat\u00eda.\"},{\"@type\":\"BreadcrumbList\",\"@id\":\"https:\\\/\\\/booksfrommexico.com\\\/es\\\/producto\\\/cine-genero-y-jovenes-el-cine-mexicano-contemporaneo-y-su-audiencia-tapatia\\\/#breadcrumb\",\"itemListElement\":[{\"@type\":\"ListItem\",\"position\":1,\"name\":\"Home\",\"item\":\"https:\\\/\\\/booksfrommexico.com\\\/es\\\/\"},{\"@type\":\"ListItem\",\"position\":2,\"name\":\"Libros\",\"item\":\"https:\\\/\\\/booksfrommexico.com\\\/es\\\/libros\\\/\"},{\"@type\":\"ListItem\",\"position\":3,\"name\":\"Cine, g\u00e9nero y j\u00f3venes: El cine mexicano contempor\u00e1neo y su audiencia tapat\u00eda\"}]},{\"@type\":\"WebSite\",\"@id\":\"https:\\\/\\\/booksfrommexico.com\\\/#website\",\"url\":\"https:\\\/\\\/booksfrommexico.com\\\/\",\"name\":\"Books From Mexico\",\"description\":\"\",\"publisher\":{\"@id\":\"https:\\\/\\\/booksfrommexico.com\\\/#organization\"},\"potentialAction\":[{\"@type\":\"SearchAction\",\"target\":{\"@type\":\"EntryPoint\",\"urlTemplate\":\"https:\\\/\\\/booksfrommexico.com\\\/?s={search_term_string}\"},\"query-input\":{\"@type\":\"PropertyValueSpecification\",\"valueRequired\":true,\"valueName\":\"search_term_string\"}}],\"inLanguage\":\"es\"},{\"@type\":\"Organization\",\"@id\":\"https:\\\/\\\/booksfrommexico.com\\\/#organization\",\"name\":\"Books From Mexico\",\"url\":\"https:\\\/\\\/booksfrommexico.com\\\/\",\"logo\":{\"@type\":\"ImageObject\",\"inLanguage\":\"es\",\"@id\":\"https:\\\/\\\/booksfrommexico.com\\\/#\\\/schema\\\/logo\\\/image\\\/\",\"url\":\"https:\\\/\\\/booksfrommexico.com\\\/app\\\/uploads\\\/2023\\\/05\\\/logo-booksfrommexico.svg\",\"contentUrl\":\"https:\\\/\\\/booksfrommexico.com\\\/app\\\/uploads\\\/2023\\\/05\\\/logo-booksfrommexico.svg\",\"width\":86,\"height\":56,\"caption\":\"Books From Mexico\"},\"image\":{\"@id\":\"https:\\\/\\\/booksfrommexico.com\\\/#\\\/schema\\\/logo\\\/image\\\/\"}}]}<\/script>\n<!-- \/ Yoast SEO plugin. -->","yoast_head_json":{"title":"Cine, g\u00e9nero y j\u00f3venes","description":"CINE, G\u00c9NERO Y J\u00d3VENES : EL CINE MEXICANO CONTEMPOR\u00c1NEO Y SU AUDIENCIA TAPAT\u00cdA. \/ Patricia Torres San Mart\u00edn. (Colecci\u00f3n del Centro de Estudios de G\u00e9nero).","robots":{"index":"index","follow":"follow","max-snippet":"max-snippet:-1","max-image-preview":"max-image-preview:large","max-video-preview":"max-video-preview:-1"},"canonical":"https:\/\/booksfrommexico.com\/es\/producto\/cine-genero-y-jovenes-el-cine-mexicano-contemporaneo-y-su-audiencia-tapatia\/","og_locale":"es_ES","og_type":"article","og_title":"Cine, g\u00e9nero y j\u00f3venes","og_description":"CINE, G\u00c9NERO Y J\u00d3VENES : EL CINE MEXICANO CONTEMPOR\u00c1NEO Y SU AUDIENCIA TAPAT\u00cdA. \/ Patricia Torres San Mart\u00edn. (Colecci\u00f3n del Centro de Estudios de G\u00e9nero).","og_url":"https:\/\/booksfrommexico.com\/es\/producto\/cine-genero-y-jovenes-el-cine-mexicano-contemporaneo-y-su-audiencia-tapatia\/","og_site_name":"Books From Mexico","article_modified_time":"2024-04-18T20:40:34+00:00","og_image":[{"width":486,"height":649,"url":"http:\/\/booksfrommexico.com\/app\/uploads\/2023\/05\/161095.jpeg","type":"image\/jpeg"}],"twitter_card":"summary_large_image","twitter_misc":{"Tiempo de lectura":"1 minuto"},"schema":{"@context":"https:\/\/schema.org","@graph":[{"@type":"WebPage","@id":"https:\/\/booksfrommexico.com\/es\/producto\/cine-genero-y-jovenes-el-cine-mexicano-contemporaneo-y-su-audiencia-tapatia\/","url":"https:\/\/booksfrommexico.com\/es\/producto\/cine-genero-y-jovenes-el-cine-mexicano-contemporaneo-y-su-audiencia-tapatia\/","name":"Cine, g\u00e9nero y j\u00f3venes","isPartOf":{"@id":"https:\/\/booksfrommexico.com\/#website"},"primaryImageOfPage":{"@id":"https:\/\/booksfrommexico.com\/es\/producto\/cine-genero-y-jovenes-el-cine-mexicano-contemporaneo-y-su-audiencia-tapatia\/#primaryimage"},"image":{"@id":"https:\/\/booksfrommexico.com\/es\/producto\/cine-genero-y-jovenes-el-cine-mexicano-contemporaneo-y-su-audiencia-tapatia\/#primaryimage"},"thumbnailUrl":"https:\/\/booksfrommexico.com\/app\/uploads\/2023\/05\/161095.jpeg","datePublished":"2023-05-08T17:09:31+00:00","dateModified":"2024-04-18T20:40:34+00:00","description":"CINE, G\u00c9NERO Y J\u00d3VENES : EL CINE MEXICANO CONTEMPOR\u00c1NEO Y SU AUDIENCIA TAPAT\u00cdA. \/ Patricia Torres San Mart\u00edn. (Colecci\u00f3n del Centro de Estudios de G\u00e9nero).","breadcrumb":{"@id":"https:\/\/booksfrommexico.com\/es\/producto\/cine-genero-y-jovenes-el-cine-mexicano-contemporaneo-y-su-audiencia-tapatia\/#breadcrumb"},"inLanguage":"es","potentialAction":[{"@type":"ReadAction","target":["https:\/\/booksfrommexico.com\/es\/producto\/cine-genero-y-jovenes-el-cine-mexicano-contemporaneo-y-su-audiencia-tapatia\/"]}]},{"@type":"ImageObject","inLanguage":"es","@id":"https:\/\/booksfrommexico.com\/es\/producto\/cine-genero-y-jovenes-el-cine-mexicano-contemporaneo-y-su-audiencia-tapatia\/#primaryimage","url":"https:\/\/booksfrommexico.com\/app\/uploads\/2023\/05\/161095.jpeg","contentUrl":"https:\/\/booksfrommexico.com\/app\/uploads\/2023\/05\/161095.jpeg","width":486,"height":649,"caption":"El cine mexicano contempor\u00e1neo y su audiencia tapat\u00eda."},{"@type":"BreadcrumbList","@id":"https:\/\/booksfrommexico.com\/es\/producto\/cine-genero-y-jovenes-el-cine-mexicano-contemporaneo-y-su-audiencia-tapatia\/#breadcrumb","itemListElement":[{"@type":"ListItem","position":1,"name":"Home","item":"https:\/\/booksfrommexico.com\/es\/"},{"@type":"ListItem","position":2,"name":"Libros","item":"https:\/\/booksfrommexico.com\/es\/libros\/"},{"@type":"ListItem","position":3,"name":"Cine, g\u00e9nero y j\u00f3venes: El cine mexicano contempor\u00e1neo y su audiencia tapat\u00eda"}]},{"@type":"WebSite","@id":"https:\/\/booksfrommexico.com\/#website","url":"https:\/\/booksfrommexico.com\/","name":"Books From Mexico","description":"","publisher":{"@id":"https:\/\/booksfrommexico.com\/#organization"},"potentialAction":[{"@type":"SearchAction","target":{"@type":"EntryPoint","urlTemplate":"https:\/\/booksfrommexico.com\/?s={search_term_string}"},"query-input":{"@type":"PropertyValueSpecification","valueRequired":true,"valueName":"search_term_string"}}],"inLanguage":"es"},{"@type":"Organization","@id":"https:\/\/booksfrommexico.com\/#organization","name":"Books From Mexico","url":"https:\/\/booksfrommexico.com\/","logo":{"@type":"ImageObject","inLanguage":"es","@id":"https:\/\/booksfrommexico.com\/#\/schema\/logo\/image\/","url":"https:\/\/booksfrommexico.com\/app\/uploads\/2023\/05\/logo-booksfrommexico.svg","contentUrl":"https:\/\/booksfrommexico.com\/app\/uploads\/2023\/05\/logo-booksfrommexico.svg","width":86,"height":56,"caption":"Books From Mexico"},"image":{"@id":"https:\/\/booksfrommexico.com\/#\/schema\/logo\/image\/"}}]}},"_links":{"self":[{"href":"https:\/\/booksfrommexico.com\/es\/wp-json\/wp\/v2\/product\/994","targetHints":{"allow":["GET"]}}],"collection":[{"href":"https:\/\/booksfrommexico.com\/es\/wp-json\/wp\/v2\/product"}],"about":[{"href":"https:\/\/booksfrommexico.com\/es\/wp-json\/wp\/v2\/types\/product"}],"wp:featuredmedia":[{"embeddable":true,"href":"https:\/\/booksfrommexico.com\/es\/wp-json\/wp\/v2\/media\/993"}],"wp:attachment":[{"href":"https:\/\/booksfrommexico.com\/es\/wp-json\/wp\/v2\/media?parent=994"}],"wp:term":[{"taxonomy":"product_brand","embeddable":true,"href":"https:\/\/booksfrommexico.com\/es\/wp-json\/wp\/v2\/product_brand?post=994"},{"taxonomy":"product_cat","embeddable":true,"href":"https:\/\/booksfrommexico.com\/es\/wp-json\/wp\/v2\/product_cat?post=994"},{"taxonomy":"product_tag","embeddable":true,"href":"https:\/\/booksfrommexico.com\/es\/wp-json\/wp\/v2\/product_tag?post=994"}],"curies":[{"name":"wp","href":"https:\/\/api.w.org\/{rel}","templated":true}]}}