{"id":996,"date":"2023-05-08T17:09:33","date_gmt":"2023-05-08T17:09:33","guid":{"rendered":"http:\/\/booksfrommexico.com\/product\/rebelion-en-la-frontera-el-anarquismo-y-el-plan-de-san-diego-1904-1923\/"},"modified":"2024-05-31T18:40:22","modified_gmt":"2024-05-31T18:40:22","slug":"rebelion-en-la-frontera-el-anarquismo-y-el-plan-de-san-diego-1904-1923","status":"publish","type":"product","link":"https:\/\/booksfrommexico.com\/es\/producto\/rebelion-en-la-frontera-el-anarquismo-y-el-plan-de-san-diego-1904-1923\/","title":{"rendered":"Rebeli\u00f3n en la frontera: El anarquismo y el Plan de San Diego, 1904-1923"},"content":{"rendered":"<p><span style=\"font-weight: 400;\">El punto de partida de esta investigaci\u00f3n es el activista mexicano Ricardo Flores Mag\u00f3n, quien tuvo un impacto notable tanto en Estados Unidos como en diversos sucesos de la Revoluci\u00f3n Mexicana. Su pensamiento anarquista se vio evidenciado en el levantamiento conocido como el Plan de San Diego. Este movimiento tuvo lugar en 1915, en Texas, y buscaba iniciar un conflicto racial en Estados Unidos que permitiera a M\u00e9xico recuperar los estados de Texas, Nuevo M\u00e9xico, Arizona y California. Independiente del resultado que se obtuvo, llev\u00f3 a ambos pa\u00edses al borde de la guerra, determin\u00f3 la pol\u00edtica de Estados\u00a0 Unidos de ese entonces y las actitudes oficiales hacia M\u00e9xico durante las d\u00e9cadas siguientes.<\/span><\/p>\n","protected":false},"excerpt":{"rendered":"<p>REBELI\u00d3N EN LA FRONTERA : EL ANARQUISMO Y EL PLAN DE SAN DIEGO, 1904-1923<span style=\"font-weight: 400;\">. \/ James Anthony Sandos. Ciudad Victoria, Tamaulipas, M\u00e9xico : Gobierno del Estado de Tamaulipas , Consejo Nacional para la Cultura y las Artes , Comisi\u00f3n Organizadora para la Conmemoraci\u00f3n en Tamaulipas del Bicentenario de la Independencia y Centenario de la Revoluci\u00f3n Mexicana, 2010. 344 pages : tables, bibliography ; 22 cm. (Colecci\u00f3n Centenarios). ISBN : 9786077785149. <\/span><\/p>\n","protected":false},"featured_media":995,"template":"","meta":{"_acf_changed":false,"inline_featured_image":false},"product_brand":[],"product_cat":[27,651],"product_tag":[4398,3998],"class_list":{"0":"post-996","1":"product","2":"type-product","3":"status-publish","4":"has-post-thumbnail","6":"product_cat-historia","7":"product_cat-historia-politica","8":"product_tag-historia-mexico","9":"product_tag-rebelion","11":"first","12":"instock","13":"taxable","14":"shipping-taxable","15":"purchasable","16":"product-type-simple"},"acf":[],"yoast_head":"<!-- This site is optimized with the Yoast SEO plugin v27.3 - https:\/\/yoast.com\/product\/yoast-seo-wordpress\/ -->\n<title>Rebeli\u00f3n en la frontera: El anarquismo y el Plan de San Diego<\/title>\n<meta name=\"description\" content=\"REBELI\u00d3N EN LA FRONTERA : EL ANARQUISMO Y EL PLAN DE SAN DIEGO, 1904-1923. \/ James Anthony Sandos. 2010. (Colecci\u00f3n Centenarios). ISBN : 9786077785149.\" \/>\n<meta name=\"robots\" content=\"index, follow, max-snippet:-1, max-image-preview:large, max-video-preview:-1\" \/>\n<link rel=\"canonical\" href=\"https:\/\/booksfrommexico.com\/es\/producto\/rebelion-en-la-frontera-el-anarquismo-y-el-plan-de-san-diego-1904-1923\/\" \/>\n<meta property=\"og:locale\" content=\"es_ES\" \/>\n<meta property=\"og:type\" content=\"article\" \/>\n<meta property=\"og:title\" content=\"Rebeli\u00f3n en la frontera: El anarquismo y el Plan de San Diego\" \/>\n<meta property=\"og:description\" content=\"REBELI\u00d3N EN LA FRONTERA : EL ANARQUISMO Y EL PLAN DE SAN DIEGO, 1904-1923. \/ James Anthony Sandos. 2010. (Colecci\u00f3n Centenarios). ISBN : 9786077785149.\" \/>\n<meta property=\"og:url\" content=\"https:\/\/booksfrommexico.com\/es\/producto\/rebelion-en-la-frontera-el-anarquismo-y-el-plan-de-san-diego-1904-1923\/\" \/>\n<meta property=\"og:site_name\" content=\"Books From Mexico\" \/>\n<meta property=\"article:modified_time\" content=\"2024-05-31T18:40:22+00:00\" \/>\n<meta property=\"og:image\" content=\"http:\/\/booksfrommexico.com\/app\/uploads\/2023\/05\/161038.jpeg\" \/>\n\t<meta property=\"og:image:width\" content=\"462\" \/>\n\t<meta property=\"og:image:height\" content=\"624\" \/>\n\t<meta property=\"og:image:type\" content=\"image\/jpeg\" \/>\n<meta name=\"twitter:card\" content=\"summary_large_image\" \/>\n<meta name=\"twitter:label1\" content=\"Tiempo de lectura\" \/>\n\t<meta name=\"twitter:data1\" content=\"1 minuto\" \/>\n<script type=\"application\/ld+json\" class=\"yoast-schema-graph\">{\"@context\":\"https:\\\/\\\/schema.org\",\"@graph\":[{\"@type\":\"WebPage\",\"@id\":\"https:\\\/\\\/booksfrommexico.com\\\/es\\\/producto\\\/rebelion-en-la-frontera-el-anarquismo-y-el-plan-de-san-diego-1904-1923\\\/\",\"url\":\"https:\\\/\\\/booksfrommexico.com\\\/es\\\/producto\\\/rebelion-en-la-frontera-el-anarquismo-y-el-plan-de-san-diego-1904-1923\\\/\",\"name\":\"Rebeli\u00f3n en la frontera: El anarquismo y el Plan de San Diego\",\"isPartOf\":{\"@id\":\"https:\\\/\\\/booksfrommexico.com\\\/#website\"},\"primaryImageOfPage\":{\"@id\":\"https:\\\/\\\/booksfrommexico.com\\\/es\\\/producto\\\/rebelion-en-la-frontera-el-anarquismo-y-el-plan-de-san-diego-1904-1923\\\/#primaryimage\"},\"image\":{\"@id\":\"https:\\\/\\\/booksfrommexico.com\\\/es\\\/producto\\\/rebelion-en-la-frontera-el-anarquismo-y-el-plan-de-san-diego-1904-1923\\\/#primaryimage\"},\"thumbnailUrl\":\"https:\\\/\\\/booksfrommexico.com\\\/app\\\/uploads\\\/2023\\\/05\\\/161038.jpeg\",\"datePublished\":\"2023-05-08T17:09:33+00:00\",\"dateModified\":\"2024-05-31T18:40:22+00:00\",\"description\":\"REBELI\u00d3N EN LA FRONTERA : EL ANARQUISMO Y EL PLAN DE SAN DIEGO, 1904-1923. \\\/ James Anthony Sandos. 2010. (Colecci\u00f3n Centenarios). ISBN : 9786077785149.\",\"breadcrumb\":{\"@id\":\"https:\\\/\\\/booksfrommexico.com\\\/es\\\/producto\\\/rebelion-en-la-frontera-el-anarquismo-y-el-plan-de-san-diego-1904-1923\\\/#breadcrumb\"},\"inLanguage\":\"es\",\"potentialAction\":[{\"@type\":\"ReadAction\",\"target\":[\"https:\\\/\\\/booksfrommexico.com\\\/es\\\/producto\\\/rebelion-en-la-frontera-el-anarquismo-y-el-plan-de-san-diego-1904-1923\\\/\"]}]},{\"@type\":\"ImageObject\",\"inLanguage\":\"es\",\"@id\":\"https:\\\/\\\/booksfrommexico.com\\\/es\\\/producto\\\/rebelion-en-la-frontera-el-anarquismo-y-el-plan-de-san-diego-1904-1923\\\/#primaryimage\",\"url\":\"https:\\\/\\\/booksfrommexico.com\\\/app\\\/uploads\\\/2023\\\/05\\\/161038.jpeg\",\"contentUrl\":\"https:\\\/\\\/booksfrommexico.com\\\/app\\\/uploads\\\/2023\\\/05\\\/161038.jpeg\",\"width\":462,\"height\":624,\"caption\":\"Rebeli\u00f3n en la frontera El anarquismo y el Plan de San Diego. Books From M\u00e9xico.\"},{\"@type\":\"BreadcrumbList\",\"@id\":\"https:\\\/\\\/booksfrommexico.com\\\/es\\\/producto\\\/rebelion-en-la-frontera-el-anarquismo-y-el-plan-de-san-diego-1904-1923\\\/#breadcrumb\",\"itemListElement\":[{\"@type\":\"ListItem\",\"position\":1,\"name\":\"Home\",\"item\":\"https:\\\/\\\/booksfrommexico.com\\\/es\\\/\"},{\"@type\":\"ListItem\",\"position\":2,\"name\":\"Libros\",\"item\":\"https:\\\/\\\/booksfrommexico.com\\\/es\\\/libros\\\/\"},{\"@type\":\"ListItem\",\"position\":3,\"name\":\"Rebeli\u00f3n en la frontera: El anarquismo y el Plan de San Diego, 1904-1923\"}]},{\"@type\":\"WebSite\",\"@id\":\"https:\\\/\\\/booksfrommexico.com\\\/#website\",\"url\":\"https:\\\/\\\/booksfrommexico.com\\\/\",\"name\":\"Books From Mexico\",\"description\":\"\",\"publisher\":{\"@id\":\"https:\\\/\\\/booksfrommexico.com\\\/#organization\"},\"potentialAction\":[{\"@type\":\"SearchAction\",\"target\":{\"@type\":\"EntryPoint\",\"urlTemplate\":\"https:\\\/\\\/booksfrommexico.com\\\/?s={search_term_string}\"},\"query-input\":{\"@type\":\"PropertyValueSpecification\",\"valueRequired\":true,\"valueName\":\"search_term_string\"}}],\"inLanguage\":\"es\"},{\"@type\":\"Organization\",\"@id\":\"https:\\\/\\\/booksfrommexico.com\\\/#organization\",\"name\":\"Books From Mexico\",\"url\":\"https:\\\/\\\/booksfrommexico.com\\\/\",\"logo\":{\"@type\":\"ImageObject\",\"inLanguage\":\"es\",\"@id\":\"https:\\\/\\\/booksfrommexico.com\\\/#\\\/schema\\\/logo\\\/image\\\/\",\"url\":\"https:\\\/\\\/booksfrommexico.com\\\/app\\\/uploads\\\/2023\\\/05\\\/logo-booksfrommexico.svg\",\"contentUrl\":\"https:\\\/\\\/booksfrommexico.com\\\/app\\\/uploads\\\/2023\\\/05\\\/logo-booksfrommexico.svg\",\"width\":86,\"height\":56,\"caption\":\"Books From Mexico\"},\"image\":{\"@id\":\"https:\\\/\\\/booksfrommexico.com\\\/#\\\/schema\\\/logo\\\/image\\\/\"}}]}<\/script>\n<!-- \/ Yoast SEO plugin. -->","yoast_head_json":{"title":"Rebeli\u00f3n en la frontera: El anarquismo y el Plan de San Diego","description":"REBELI\u00d3N EN LA FRONTERA : EL ANARQUISMO Y EL PLAN DE SAN DIEGO, 1904-1923. \/ James Anthony Sandos. 2010. (Colecci\u00f3n Centenarios). ISBN : 9786077785149.","robots":{"index":"index","follow":"follow","max-snippet":"max-snippet:-1","max-image-preview":"max-image-preview:large","max-video-preview":"max-video-preview:-1"},"canonical":"https:\/\/booksfrommexico.com\/es\/producto\/rebelion-en-la-frontera-el-anarquismo-y-el-plan-de-san-diego-1904-1923\/","og_locale":"es_ES","og_type":"article","og_title":"Rebeli\u00f3n en la frontera: El anarquismo y el Plan de San Diego","og_description":"REBELI\u00d3N EN LA FRONTERA : EL ANARQUISMO Y EL PLAN DE SAN DIEGO, 1904-1923. \/ James Anthony Sandos. 2010. (Colecci\u00f3n Centenarios). ISBN : 9786077785149.","og_url":"https:\/\/booksfrommexico.com\/es\/producto\/rebelion-en-la-frontera-el-anarquismo-y-el-plan-de-san-diego-1904-1923\/","og_site_name":"Books From Mexico","article_modified_time":"2024-05-31T18:40:22+00:00","og_image":[{"width":462,"height":624,"url":"http:\/\/booksfrommexico.com\/app\/uploads\/2023\/05\/161038.jpeg","type":"image\/jpeg"}],"twitter_card":"summary_large_image","twitter_misc":{"Tiempo de lectura":"1 minuto"},"schema":{"@context":"https:\/\/schema.org","@graph":[{"@type":"WebPage","@id":"https:\/\/booksfrommexico.com\/es\/producto\/rebelion-en-la-frontera-el-anarquismo-y-el-plan-de-san-diego-1904-1923\/","url":"https:\/\/booksfrommexico.com\/es\/producto\/rebelion-en-la-frontera-el-anarquismo-y-el-plan-de-san-diego-1904-1923\/","name":"Rebeli\u00f3n en la frontera: El anarquismo y el Plan de San Diego","isPartOf":{"@id":"https:\/\/booksfrommexico.com\/#website"},"primaryImageOfPage":{"@id":"https:\/\/booksfrommexico.com\/es\/producto\/rebelion-en-la-frontera-el-anarquismo-y-el-plan-de-san-diego-1904-1923\/#primaryimage"},"image":{"@id":"https:\/\/booksfrommexico.com\/es\/producto\/rebelion-en-la-frontera-el-anarquismo-y-el-plan-de-san-diego-1904-1923\/#primaryimage"},"thumbnailUrl":"https:\/\/booksfrommexico.com\/app\/uploads\/2023\/05\/161038.jpeg","datePublished":"2023-05-08T17:09:33+00:00","dateModified":"2024-05-31T18:40:22+00:00","description":"REBELI\u00d3N EN LA FRONTERA : EL ANARQUISMO Y EL PLAN DE SAN DIEGO, 1904-1923. \/ James Anthony Sandos. 2010. (Colecci\u00f3n Centenarios). ISBN : 9786077785149.","breadcrumb":{"@id":"https:\/\/booksfrommexico.com\/es\/producto\/rebelion-en-la-frontera-el-anarquismo-y-el-plan-de-san-diego-1904-1923\/#breadcrumb"},"inLanguage":"es","potentialAction":[{"@type":"ReadAction","target":["https:\/\/booksfrommexico.com\/es\/producto\/rebelion-en-la-frontera-el-anarquismo-y-el-plan-de-san-diego-1904-1923\/"]}]},{"@type":"ImageObject","inLanguage":"es","@id":"https:\/\/booksfrommexico.com\/es\/producto\/rebelion-en-la-frontera-el-anarquismo-y-el-plan-de-san-diego-1904-1923\/#primaryimage","url":"https:\/\/booksfrommexico.com\/app\/uploads\/2023\/05\/161038.jpeg","contentUrl":"https:\/\/booksfrommexico.com\/app\/uploads\/2023\/05\/161038.jpeg","width":462,"height":624,"caption":"Rebeli\u00f3n en la frontera El anarquismo y el Plan de San Diego. Books From M\u00e9xico."},{"@type":"BreadcrumbList","@id":"https:\/\/booksfrommexico.com\/es\/producto\/rebelion-en-la-frontera-el-anarquismo-y-el-plan-de-san-diego-1904-1923\/#breadcrumb","itemListElement":[{"@type":"ListItem","position":1,"name":"Home","item":"https:\/\/booksfrommexico.com\/es\/"},{"@type":"ListItem","position":2,"name":"Libros","item":"https:\/\/booksfrommexico.com\/es\/libros\/"},{"@type":"ListItem","position":3,"name":"Rebeli\u00f3n en la frontera: El anarquismo y el Plan de San Diego, 1904-1923"}]},{"@type":"WebSite","@id":"https:\/\/booksfrommexico.com\/#website","url":"https:\/\/booksfrommexico.com\/","name":"Books From Mexico","description":"","publisher":{"@id":"https:\/\/booksfrommexico.com\/#organization"},"potentialAction":[{"@type":"SearchAction","target":{"@type":"EntryPoint","urlTemplate":"https:\/\/booksfrommexico.com\/?s={search_term_string}"},"query-input":{"@type":"PropertyValueSpecification","valueRequired":true,"valueName":"search_term_string"}}],"inLanguage":"es"},{"@type":"Organization","@id":"https:\/\/booksfrommexico.com\/#organization","name":"Books From Mexico","url":"https:\/\/booksfrommexico.com\/","logo":{"@type":"ImageObject","inLanguage":"es","@id":"https:\/\/booksfrommexico.com\/#\/schema\/logo\/image\/","url":"https:\/\/booksfrommexico.com\/app\/uploads\/2023\/05\/logo-booksfrommexico.svg","contentUrl":"https:\/\/booksfrommexico.com\/app\/uploads\/2023\/05\/logo-booksfrommexico.svg","width":86,"height":56,"caption":"Books From Mexico"},"image":{"@id":"https:\/\/booksfrommexico.com\/#\/schema\/logo\/image\/"}}]}},"_links":{"self":[{"href":"https:\/\/booksfrommexico.com\/es\/wp-json\/wp\/v2\/product\/996","targetHints":{"allow":["GET"]}}],"collection":[{"href":"https:\/\/booksfrommexico.com\/es\/wp-json\/wp\/v2\/product"}],"about":[{"href":"https:\/\/booksfrommexico.com\/es\/wp-json\/wp\/v2\/types\/product"}],"wp:featuredmedia":[{"embeddable":true,"href":"https:\/\/booksfrommexico.com\/es\/wp-json\/wp\/v2\/media\/995"}],"wp:attachment":[{"href":"https:\/\/booksfrommexico.com\/es\/wp-json\/wp\/v2\/media?parent=996"}],"wp:term":[{"taxonomy":"product_brand","embeddable":true,"href":"https:\/\/booksfrommexico.com\/es\/wp-json\/wp\/v2\/product_brand?post=996"},{"taxonomy":"product_cat","embeddable":true,"href":"https:\/\/booksfrommexico.com\/es\/wp-json\/wp\/v2\/product_cat?post=996"},{"taxonomy":"product_tag","embeddable":true,"href":"https:\/\/booksfrommexico.com\/es\/wp-json\/wp\/v2\/product_tag?post=996"}],"curies":[{"name":"wp","href":"https:\/\/api.w.org\/{rel}","templated":true}]}}